{"id":13179,"date":"2015-07-20T11:51:56","date_gmt":"2015-07-20T09:51:56","guid":{"rendered":"http:\/\/archivio.comune.potenza.it\/?page_id=13179"},"modified":"2025-03-19T10:30:22","modified_gmt":"2025-03-19T09:30:22","slug":"musei","status":"publish","type":"page","link":"https:\/\/archivio.comune.potenza.it\/?page_id=13179","title":{"rendered":"Musei"},"content":{"rendered":"\n<p><strong>Museo Archeologico Nazionale della Basilicata \u201cDinu Adamesteanu\u201d <br><\/strong>Via Serrao \u2013 85100 Potenza<br>Recapiti: 0971 21719<br><a href=\"http:\/\/musei.basilicata.beniculturali.it\/musei\/?mid=76&amp;nome=museo-archeologico-nazionale-della-basilicata-dinu-adamesteanu\">Sito web<\/a><br><span style=\"line-height: 1.7em;\">E-mail: <\/span><a href=\"mailto:pm-bas.museopotenza@beniculturali.it\">pm-bas.museopotenza@beniculturali.it<\/a><\/p>\n\n\n\n<p>Orari di apertura:<br>da Martedi a Domenica 09.00\/20.00<br>Lunedi 14.00\/20.00<\/p>\n\n\n\n<p><strong>Museo Archeologico Provinciale<\/strong><br>Via Lazio \u2013 85100 Potenza<br>Recapiti: 0971 444833 \u2013 Fax 0971 444820<br>Sito web: www.provincia.potenza.it<br>E-mail: museo.provinciale@provinciapotenza.it<\/p>\n\n\n\n<p>Orari di apertura:<br>luned\u00ec, mercoled\u00ec e venerd\u00ec: ore 08.30\/13.30 (ultimo ingresso ore 13.00)<br>marted\u00ec e gioved\u00ec: ore 08.30\/13.30 (ultimo ingresso ore 13.00) e  ore 15.00\/17.30 (ultimo ingresso: ore 17.00)<br>Chiusura settimanale: Sabato e domenica<\/p>\n\n\n\n<p><strong>Pinacoteca Provinciale<\/strong><br>Via Lazio, 8 \u2013 85100 Potenza<br>Recapiti: 0971 444833 \u2013 Fax 0971 444820<br><a href=\"https:\/\/polodellacultura-provinciapotenza.it\/\" data-type=\"link\" data-id=\"www.provincia.potenza.it\">Sito web polo della cultura<\/a><br>E-mail: museo.provinciale@provinciapotenza.it<\/p>\n\n\n\n<p>Orari di apertura:<br>luned\u00ec, mercoled\u00ec e venerd\u00ec: ore 08.30\/13.30 (ultimo ingresso ore 13.00)<br>marted\u00ec e gioved\u00ec: ore 08.30\/13.30 (ultimo ingresso ore 13.00) e ore 15.00\/17.30 (ultimo ingresso: ore 17.00)<br>Chiusura settimanale: Sabato e domenica<\/p>\n\n\n\n<p><strong>Torre Guevara<\/strong><br>Viaggio virtuale mediante visori <br>Orari di apertura:<br>invernale: dal luned\u00ec al sabato ore 10\/13 e 16\/17<br>estivo dal luned\u00ec al sabato: ore 10\/13 e 17\/20<br><strong>Info prenotazioni: 335 5440267<\/strong><\/p>\n\n\n\n<p><strong>Museo Diocesano di Potenza<br><\/strong>Via Vescovado snc <br>Gestito dalla Cooperativa Sociale &#8220;Il Volto&#8221;<br><a href=\"http:\/\/www.ostelloilvolto.it\" data-type=\"link\" data-id=\"www.ostelloilvolto.it\">Sito web cooperativa Il volto<\/a><\/p>\n\n\n\n<p><a href=\"https:\/\/www.arcidiocesipotenza.it\/museo-diocesano\/\" data-type=\"link\" data-id=\"https:\/\/www.arcidiocesipotenza.it\/museo-diocesano\/\">Sito web arcidiocesi\/museo diocesano<\/a>\u00a0<a href=\"http:\/\/www.museodiocesanopotenza.it\/\"><br><\/a>Email:\u00a0<a href=\"mailto:museodiocesanopotenza@gmail.com\">museodiocesanopotenza@gmail.com<\/a><br>Orari di apertura:<br>ore 10.00 \/13.00 e 17.00\/20.00<br>(Chiuso luned\u00ec e domenica)<br><strong>Visite su prenotazione ai numeri: 375 6483332<\/strong><br>Simona Sagarese:  388 9077229<\/p>\n\n\n\n<p><strong>Museo di Arte Figurativa Contemporanea<\/strong><br>Via della Chimica, 115 \u2013 85100 Potenza<br>Tel. 0971\/22586 \u2013 cell.329-9515842<br>E-mail: ilmuseoelacitta@basilicatanet.it<br><a href=\"https:\/\/archivio.comune.potenza.it\/?p=46463\" data-type=\"link\" data-id=\"https:\/\/archivio.comune.potenza.it\/?p=46463\">Il museo<\/a><\/p>\n","protected":false},"excerpt":{"rendered":"<p>Museo Archeologico Nazionale della Basilicata \u201cDinu Adamesteanu\u201d Via Serrao \u2013 85100 PotenzaRecapiti: 0971 21719Sito webE-mail: pm-bas.museopotenza@beniculturali.it Orari di apertura:da Martedi a Domenica 09.00\/20.00Lunedi 14.00\/20.00 Museo &#8230; <\/p>\n","protected":false},"author":1,"featured_media":0,"parent":11341,"menu_order":0,"comment_status":"closed","ping_status":"closed","template":"","meta":{"footnotes":""},"class_list":["post-13179","page","type-page","status-publish","hentry"],"_links":{"self":[{"href":"https:\/\/archivio.comune.potenza.it\/index.php?rest_route=\/wp\/v2\/pages\/13179"}],"collection":[{"href":"https:\/\/archivio.comune.potenza.it\/index.php?rest_route=\/wp\/v2\/pages"}],"about":[{"href":"https:\/\/archivio.comune.potenza.it\/index.php?rest_route=\/wp\/v2\/types\/page"}],"author":[{"embeddable":true,"href":"https:\/\/archivio.comune.potenza.it\/index.php?rest_route=\/wp\/v2\/users\/1"}],"replies":[{"embeddable":true,"href":"https:\/\/archivio.comune.potenza.it\/index.php?rest_route=%2Fwp%2Fv2%2Fcomments&post=13179"}],"version-history":[{"count":0,"href":"https:\/\/archivio.comune.potenza.it\/index.php?rest_route=\/wp\/v2\/pages\/13179\/revisions"}],"up":[{"embeddable":true,"href":"https:\/\/archivio.comune.potenza.it\/index.php?rest_route=\/wp\/v2\/pages\/11341"}],"wp:attachment":[{"href":"https:\/\/archivio.comune.potenza.it\/index.php?rest_route=%2Fwp%2Fv2%2Fmedia&parent=13179"}],"curies":[{"name":"wp","href":"https:\/\/api.w.org\/{rel}","templated":true}]}}