{"id":13186,"date":"2015-07-20T13:31:02","date_gmt":"2015-07-20T11:31:02","guid":{"rendered":"http:\/\/archivio.comune.potenza.it\/?page_id=13186"},"modified":"2022-01-17T10:13:42","modified_gmt":"2022-01-17T09:13:42","slug":"ufficio-stampa","status":"publish","type":"page","link":"https:\/\/archivio.comune.potenza.it\/?page_id=13186","title":{"rendered":"Ufficio stampa"},"content":{"rendered":"\n<p>Secondo quanto dettato dall\u2019articolo 9 della legge 150 del 2000, il Comune di Potenza accogliendo la facolt\u00e0 accordatagli dalla normativa nazionale, si \u00e8 dotato&nbsp; di un ufficio stampa, la cui attivit\u00e0 \u00e8 in via prioritaria indirizzata ai mezzi di informazione di massa. L\u2019ufficio stampa cura i collegamenti con gli organi di informazione, assicurando il massimo grado di trasparenza, chiarezza e tempestivit\u00e0 delle comunicazioni da fornire nelle materie di interesse dei cittadini e, quindi, dell\u2019Amministrazione.<\/p>\n\n\n\n<p>Affinch\u00e9 tale ruolo sia svolto secondo i canoni dell\u2019efficacia e dell\u2019efficienza, \u00e8 richiesta una fattiva collaborazione al Sindaco, alla Giunta e al Consiglio comunale, oltre che ai responsabili di tutti gli uffici municipali, cos\u00ec da garantire a tutti e sempre un\u2019informazione puntuale, scevra da ogni&nbsp;influsso politico e il pi\u00f9 possibile obiettiva. Tutte quelle informazioni che riguardano la vita amministrativa dell\u2019Ente, che abbiano una rilevanza tale da meritare una diffusione a mezzo mass media, vengono concordate dai proponenti con i componenti dell\u2019ufficio stampa, cos\u00ec da definirne i contenuti della notizia da diffondere, le modalit\u00e0 e i tempi ai quali attenersi.<\/p>\n\n\n\n<p><strong><em>I servizi forniti<\/em><\/strong><\/p>\n\n\n\n<ul class=\"wp-block-list\"><li>Quotidianamente produce una rassegna stampa che viene pubblicata all&#8217;interno della rete telematica comunale.<\/li><li>&nbsp;Redazione di comunicati stampa eventualmente corredati da foto digitali e da video, di concerto con i soggetti proponenti, siano essi esponenti della Giunta, del Consiglio o degli uffici. I comunicati vengono inviati, mediante posta elettronica alle redazioni lucane della Rai e dell\u2019Ansa, a tutte le testate dei quotidiani e periodici locali, oltre che, a seconda della rilevanza dell\u2019informazione veicolata, a quelle nazionali principali.<\/li><li>Organizzazione di conferenze stampa, incontri, dibattiti, tavole rotonde, oltre che moderazione delle medesime ove richiesto o necessario.<\/li><li>Inserimento dei comunicati all\u2019interno del sito internet dedicato alle attivit\u00e0 dei diversi organi dell\u2019ente<\/li><li>Redazione di resoconti giornalistici, con aggiornamenti in tempo reale, inerenti lo svolgimento dei lavori del Consiglio comunale, resoconti che \u00e8 possibile&nbsp; consultare tramite una connessione internet al sito istituzionale dell\u2019Ente.<\/li><\/ul>\n\n\n\n<p><strong><em>Come contattare l\u2019Ufficio <\/em><\/strong>L\u2019ufficio ha sede al secondo piano del Palazzo di Citt\u00e0, in piazza Matteotti<br>Info: Marco Fasulo \u00a0Tel.\u00a0<strong>0971415013 &#8211;\u00a0fax\u00a00971415052; <\/strong>e-mail\u00a0\u00a0\u00a0<a href=\"mailto:ufficiostampa.fasulo@comune.potenza.it\">ufficiostampa.fasulo@comune.potenza.it<\/a><\/p>\n","protected":false},"excerpt":{"rendered":"<p>Secondo quanto dettato dall\u2019articolo 9 della legge 150 del 2000, il Comune di Potenza accogliendo la facolt\u00e0 accordatagli dalla normativa nazionale, si \u00e8 dotato&nbsp; di &#8230; <\/p>\n","protected":false},"author":1,"featured_media":0,"parent":0,"menu_order":0,"comment_status":"closed","ping_status":"closed","template":"","meta":{"footnotes":""},"class_list":["post-13186","page","type-page","status-publish","hentry"],"_links":{"self":[{"href":"https:\/\/archivio.comune.potenza.it\/index.php?rest_route=\/wp\/v2\/pages\/13186"}],"collection":[{"href":"https:\/\/archivio.comune.potenza.it\/index.php?rest_route=\/wp\/v2\/pages"}],"about":[{"href":"https:\/\/archivio.comune.potenza.it\/index.php?rest_route=\/wp\/v2\/types\/page"}],"author":[{"embeddable":true,"href":"https:\/\/archivio.comune.potenza.it\/index.php?rest_route=\/wp\/v2\/users\/1"}],"replies":[{"embeddable":true,"href":"https:\/\/archivio.comune.potenza.it\/index.php?rest_route=%2Fwp%2Fv2%2Fcomments&post=13186"}],"version-history":[{"count":0,"href":"https:\/\/archivio.comune.potenza.it\/index.php?rest_route=\/wp\/v2\/pages\/13186\/revisions"}],"wp:attachment":[{"href":"https:\/\/archivio.comune.potenza.it\/index.php?rest_route=%2Fwp%2Fv2%2Fmedia&parent=13186"}],"curies":[{"name":"wp","href":"https:\/\/api.w.org\/{rel}","templated":true}]}}