{"id":13256,"date":"2015-07-20T16:44:11","date_gmt":"2015-07-20T14:44:11","guid":{"rendered":"http:\/\/archivio.comune.potenza.it\/?page_id=13256"},"modified":"2025-08-01T14:08:16","modified_gmt":"2025-08-01T12:08:16","slug":"oggetti-smarriti","status":"publish","type":"page","link":"https:\/\/archivio.comune.potenza.it\/?page_id=13256","title":{"rendered":"Oggetti smarriti"},"content":{"rendered":"\n<p>Il cittadino che <strong>ritrova oggetti, documenti e\/o valori<\/strong>, nel territorio comunale, pu\u00f2 lasciarli in custodia presso l\u2019Ufficio <strong>Oggetti SMARRITI del Comune di Potenza in C.da S. Antonio La Macchia.<\/strong> <\/p>\n\n\n\n<p><a href=\"http:\/\/archivio.comune.potenza.it\/wp-content\/uploads\/2025\/08\/PER-URP-elenco-19.pdf\">Elenco oggetti ritrovati &#8211; 1 agosto 2025<\/a><\/p>\n\n\n\n<p>L\u2019oggetto viene annotato su un apposito registro, dal quale risultano il nome della persona che ha effettuato il ritrovamento, il giorno e l\u2019ora, il luogo, la descrizione dell\u2019oggetto.<br>Sar\u00e0 predisposto verbale di ritrovamento con l\u2019elenco degli oggetti, documenti e\/o valori (copia del quale verr\u00e0 rilasciato al ritrovatore).<br>Trascorso un anno e un giorno dal ritrovamento, se non si presenta il proprietario, l\u2019oggetto appartiene al ritrovatore. In mancanza di ritiro sia da parte del proprietario che da parte del ritrovatore, l\u2019oggetto viene acquisito al patrimonio comunale.<br>La persona che ha smarrito un bene, o \u00e8 stata oggetto di furto o sottrazione dello stesso, pu\u00f2 recarsi presso l\u2019Ufficio Oggetti SMARRITI del Comune di Potenza in C.da S. Antonio La Macchia.<br>In caso di riconoscimento la persona interessata pu\u00f2 chiedere la restituzione dell\u2019oggetto, dopo averne dimostrato la propriet\u00e0.<\/p>\n\n\n\n<p><strong>Come<\/strong><br><strong>Documenti da allegare:<\/strong><br>per il ritiro dell\u2019oggetto bisogna presentare i documenti comprovanti la propriet\u00e0, ad esempio:<br>\u2022 documento di riconoscimento originale in corso di validit\u00e0<br>\u2022 copia della denuncia di smarrimento o furto<br>\u2022 marca, tipo e modello dell\u2019oggetto<br>\u2022 garanzia con codice identificativo<br>\u2022 foto o immagine<br>\u2022 descrizione dettagliata del bene smarrito o rubato.<\/p>\n\n\n\n<p><strong>Dove<\/strong><br>Servizio Oggetti Smarriti<br>Resp. Rag. Rosaria Liscio<br>C.da S. Antonio La Macchia<br>0971\/415236<\/p>\n\n\n\n<p>ORARI: dal luned\u00ec al venerd\u00ec dalle ore 11.30 alle ore 13.30<br>e marted\u00ec e gioved\u00ec dalle ore 16.30 alle ore 17.30<\/p>\n","protected":false},"excerpt":{"rendered":"<p>Il cittadino che ritrova oggetti, documenti e\/o valori, nel territorio comunale, pu\u00f2 lasciarli in custodia presso l\u2019Ufficio Oggetti SMARRITI del Comune di Potenza in C.da &#8230; <\/p>\n","protected":false},"author":1,"featured_media":0,"parent":13197,"menu_order":0,"comment_status":"closed","ping_status":"closed","template":"","meta":{"footnotes":""},"class_list":["post-13256","page","type-page","status-publish","hentry"],"_links":{"self":[{"href":"https:\/\/archivio.comune.potenza.it\/index.php?rest_route=\/wp\/v2\/pages\/13256"}],"collection":[{"href":"https:\/\/archivio.comune.potenza.it\/index.php?rest_route=\/wp\/v2\/pages"}],"about":[{"href":"https:\/\/archivio.comune.potenza.it\/index.php?rest_route=\/wp\/v2\/types\/page"}],"author":[{"embeddable":true,"href":"https:\/\/archivio.comune.potenza.it\/index.php?rest_route=\/wp\/v2\/users\/1"}],"replies":[{"embeddable":true,"href":"https:\/\/archivio.comune.potenza.it\/index.php?rest_route=%2Fwp%2Fv2%2Fcomments&post=13256"}],"version-history":[{"count":0,"href":"https:\/\/archivio.comune.potenza.it\/index.php?rest_route=\/wp\/v2\/pages\/13256\/revisions"}],"up":[{"embeddable":true,"href":"https:\/\/archivio.comune.potenza.it\/index.php?rest_route=\/wp\/v2\/pages\/13197"}],"wp:attachment":[{"href":"https:\/\/archivio.comune.potenza.it\/index.php?rest_route=%2Fwp%2Fv2%2Fmedia&parent=13256"}],"curies":[{"name":"wp","href":"https:\/\/api.w.org\/{rel}","templated":true}]}}