{"id":13314,"date":"2015-07-21T11:18:04","date_gmt":"2015-07-21T09:18:04","guid":{"rendered":"http:\/\/archivio.comune.potenza.it\/?page_id=13314"},"modified":"2021-11-23T10:48:00","modified_gmt":"2021-11-23T09:48:00","slug":"qr-potenza","status":"publish","type":"page","link":"https:\/\/archivio.comune.potenza.it\/?page_id=13314","title":{"rendered":"QR-Potenza"},"content":{"rendered":"\n<p><strong>QR Potenza<\/strong>&#8221; \u00e8 un ambizioso progetto che l&#8217;Amministrazione <strong>Comunale di Potenza<\/strong> ha promosso per eliminare la linea di divisione tra il mondo reale e quello virtuale, tramite l&#8217;utilizzo del <strong>Codice QR-Code<\/strong>.<\/p>\n\n\n\n<p><strong>Ma cos&#8217;\u00e8 &nbsp;il Codice QR-Code ? <\/strong>Il Codice QR Code \u00e8 un codice a barre a matrice, composto da moduli neri disposti all\u2019interno di uno schema di forma quadrata. Viene impiegato per memorizzare informazioni destinate ad essere lette tramite un telefono cellulare, smartphone, tablet o qualsiasi apparecchiatura che abbia la tecnologia per poterlo decodificare.<\/p>\n\n\n\n<p><strong>Cosa pu\u00f2 contenere il Codice QR Code? <\/strong>Un QR Code pu\u00f2 contenere fino a 4.296 caratteri di testo e pu\u00f2 veicolare notizie di pubblica utilit\u00e0.<\/p>\n\n\n\n<p><strong>Quali sono i campi di applicazione del Codice QR Code? <\/strong>Esposto tramite targhe murali con ridotto impatto visivo\/ambientale (plexiglass trasparente formato A\/5), propone informazioni relative al \u00a0 luogo sul quale viene apposto: Musei, Palazzi Storici, Monumenti, strutture pubbliche, ecc.. Pu\u00f2 \u00a0contenere,inoltre, \u00a0indirizzi \u00a0web (istituzionali, mini siti dedicati ad eventi, social network) e contenuti multimediali quali immagini, video, audio; Esposto nelle fermate autobus, terminal bus, scale mobili, stazioni ferroviarie, ecc. (pellicole adesive formato 15\u00d720 cm.) d\u00e0 informazioni sugli orari urbani, regionali ed extraregionali degli autobus, sul servizio taxi e sul sistema di mobilit\u00e0 urbana; Applicato tramite targhe sulle panchine dei parchi pubblici (plexiglass formato 6\u00d76 cm), fornisce informazioni di pubblica utilit\u00e0: farmacie di turno, orario servizi pubblici, orario funzioni religiose, numeri di emergenza, ecc; Stampato su giornali, depliants, mappe e qualsiasi materiale cartaceo, veicola notizie dell\u2019Amministrazione Comunale su eventi culturali e sportivi, iniziative turistiche, notizie di pubblica utilit\u00e0 ecc.; Stampato su piccole etichette adesive, pu\u00f2 essere incollato su qualsiasi pubblicazione, volume, documento o altra superficie non stampabile, per fornire notizie di varia natura sull\u2019Amministrazione Comunale.<\/p>\n\n\n\n<hr class=\"wp-block-separator\"\/>\n\n\n\n<p>Per usufruire delle molteplici funzionalit\u00e0 messe a disposizione dal Codice QR Code \u00e8 necessario dotarsi di un &nbsp;cellulare, smartphone, tablet o personal computer, dotati di fotocamera e collegamento ad internet. &nbsp;Allo stato attuale, quasi tutti i dispositivi mobili hanno la possibilit\u00e0 di decodificare un codice QR Code e le possibilit\u00e0 offerte da tale tecnologia sono limitate solo al tipo di apparecchiatura posseduta dall&#8217;utente.<\/p>\n\n\n\n<p>Se il proprio smartphone non \u00e8 provvisto direttamente dal produttore di un software per la scansione del Codice QR Code basta scaricarlo gratuitamente da internet tramite i canali messi a disposizione dalla tecnologia utilizzata sul proprio device.<\/p>\n\n\n\n<p><strong>Il funzionamento \u00e8 molto semplice:<\/strong><\/p>\n\n\n\n<p>1 \u2013 scarica gratuitamente il software per leggere il Codice QR-Code<\/p>\n\n\n\n<p>2 &#8211; il software scelto si autoistalla (operazione da effettuarsi una sola volta)<\/p>\n\n\n\n<p>3 &#8211; apri l\u2019applicazione scaricata<\/p>\n\n\n\n<p>4 &#8211; inquadra il Codice QR-Code<\/p>\n\n\n\n<p>5 &#8211; accedi al sito internet<\/p>\n\n\n\n<p>6 &#8211; consulta la pagina dedicata<\/p>\n\n\n\n<hr class=\"wp-block-separator\"\/>\n\n\n\n<p>Il <strong>Codice QR Code<\/strong> \u00e8 un codice a barre a matrice, composto da moduli neri disposti all&#8217;interno di uno schema di forma quadrata. Viene impiegato per memorizzare informazioni destinate ad essere lette tramite un telefono cellulare, smartphone, tablet o di qualsiasi apparecchiatura che abbia la possibilit\u00e0 di poterlo decodificare.<\/p>\n\n\n\n<p><strong>Cosa pu\u00f2 contenere il QR Code?<\/strong><\/p>\n\n\n\n<p>Un QR Code pu\u00f2 contenere fino a 4.296 caratteri di testo consultabile senza l&#8217;ausilio di un collegamento ad internet come ad esempio informazioni di pubblica utilit\u00e0 quali ad esempio:<\/p>\n\n\n\n<ul class=\"wp-block-list\"><li>un prospetto orario di una o pi\u00f9 linee autobus<\/li><li>un elenco di numeri di emergenza<\/li><li>un elenco di numeri di pubblica utilit\u00e0<\/li><li>un prospetto delle farmacie di turno<\/li><li>un elenco degli eventi culturali programmati in citt\u00e0<\/li><\/ul>\n\n\n\n<p>contestualmente, un codice cos\u00ec codificato pu\u00f2 contenete tutta una serie di informazioni che ne estendono le funzionalit\u00e0 grazie ad internet, infatti grazie al collegamento alla rete globale un QR-Code pu\u00f2 contenere collegamenti a tutta una serie di risorse on-line come:<\/p>\n\n\n\n<ul class=\"wp-block-list\"><li>un indirizzo web (istituzionale, mini siti dedicati ad eventi, social network)<\/li><li>un contenuto multimediale (immagini, video, audio)<\/li><\/ul>\n\n\n\n<hr class=\"wp-block-separator\"\/>\n\n\n\n<div class=\"wp-block-image\"><figure class=\"aligncenter size-large\"><a href=\"https:\/\/play.google.com\/store\/apps\/details?id=appinventor.ai_progetto2003.SCAN\" target=\"_blank\" rel=\"noopener\"><img decoding=\"async\" src=\"https:\/\/archivio.comune.potenza.it\/wp-content\/uploads\/2015\/07\/android.jpg\" alt=\"\"\/><\/a><\/figure><\/div>\n\n\n\n<div class=\"wp-block-image\"><figure class=\"aligncenter size-large\"><a href=\"http:\/\/appworld.blackberry.com\/webstore\/content\/13962\/\" target=\"_blank\" rel=\"noopener\"><img decoding=\"async\" src=\"https:\/\/archivio.comune.potenza.it\/wp-content\/uploads\/2015\/07\/ios.jpg\" alt=\"\"\/><\/a><\/figure><\/div>\n\n\n\n<div class=\"wp-block-image\"><figure class=\"aligncenter size-large\"><a href=\"http:\/\/appworld.blackberry.com\/webstore\/content\/13962\/\" target=\"_blank\" rel=\"noopener\"><img decoding=\"async\" src=\"https:\/\/archivio.comune.potenza.it\/wp-content\/uploads\/2015\/07\/bb.jpg\" alt=\"\"\/><\/a><\/figure><\/div>\n\n\n\n<div class=\"wp-block-image\"><figure class=\"aligncenter size-large\"><a href=\"http:\/\/store.ovi.com\/content\/254341?clickSource=search&amp;pos=1\" target=\"_blank\" rel=\"noopener\"><img decoding=\"async\" src=\"https:\/\/archivio.comune.potenza.it\/wp-content\/uploads\/2015\/07\/symbian.jpg\" alt=\"\"\/><\/a><\/figure><\/div>\n\n\n\n<div class=\"wp-block-image\"><figure class=\"aligncenter size-large\"><a href=\"http:\/\/www.windowsphone.com\/it-IT\/apps\/e21dee2d-9c1c-4f25-916f-c93d25da8768\" target=\"_blank\" rel=\"noopener\"><img decoding=\"async\" src=\"https:\/\/archivio.comune.potenza.it\/wp-content\/uploads\/2015\/07\/windows.jpg\" alt=\"\"\/><\/a><\/figure><\/div>\n","protected":false},"excerpt":{"rendered":"<p>QR Potenza&#8221; \u00e8 un ambizioso progetto che l&#8217;Amministrazione Comunale di Potenza ha promosso per eliminare la linea di divisione tra il mondo reale e quello &#8230; <\/p>\n","protected":false},"author":1,"featured_media":0,"parent":0,"menu_order":0,"comment_status":"closed","ping_status":"closed","template":"","meta":{"footnotes":""},"class_list":["post-13314","page","type-page","status-publish","hentry"],"_links":{"self":[{"href":"https:\/\/archivio.comune.potenza.it\/index.php?rest_route=\/wp\/v2\/pages\/13314"}],"collection":[{"href":"https:\/\/archivio.comune.potenza.it\/index.php?rest_route=\/wp\/v2\/pages"}],"about":[{"href":"https:\/\/archivio.comune.potenza.it\/index.php?rest_route=\/wp\/v2\/types\/page"}],"author":[{"embeddable":true,"href":"https:\/\/archivio.comune.potenza.it\/index.php?rest_route=\/wp\/v2\/users\/1"}],"replies":[{"embeddable":true,"href":"https:\/\/archivio.comune.potenza.it\/index.php?rest_route=%2Fwp%2Fv2%2Fcomments&post=13314"}],"version-history":[{"count":0,"href":"https:\/\/archivio.comune.potenza.it\/index.php?rest_route=\/wp\/v2\/pages\/13314\/revisions"}],"wp:attachment":[{"href":"https:\/\/archivio.comune.potenza.it\/index.php?rest_route=%2Fwp%2Fv2%2Fmedia&parent=13314"}],"curies":[{"name":"wp","href":"https:\/\/api.w.org\/{rel}","templated":true}]}}