{"id":15400,"date":"2016-05-03T11:09:15","date_gmt":"2016-05-03T09:09:15","guid":{"rendered":"http:\/\/archivio.comune.potenza.it\/?page_id=15400"},"modified":"2021-12-16T11:50:40","modified_gmt":"2021-12-16T10:50:40","slug":"resilient-europe","status":"publish","type":"page","link":"https:\/\/archivio.comune.potenza.it\/?page_id=15400","title":{"rendered":"Resilient Europe"},"content":{"rendered":"\n<p>Resilient Europe mira a <strong>incrementare la resilienza delle citt\u00e0<\/strong> coinvolte nel network, consentendo alle comunit\u00e0 locali di sviluppare con successo il proprio potenziale.<br><strong>Le citt\u00e0 coinvolte in Resilient Europe lavorano insieme e imparano a condividere esperienze con lo scopo di sviluppare resilienza e sostenibilit\u00e0.<\/strong><br>Lavorare sull\u2019incremento della resilienza di una citt\u00e0 significa sviluppare la capacit\u00e0 del sistema urbano e delle sue componenti di riorganizzandosi per affrontare le sfide rappresentate da situazioni di stress o di shock improvvisi. In questo senso, la resilienza di una citt\u00e0 \u00e8 legata ad un processo di<strong> evoluzione continua delle capacit\u00e0 degli individui, delle comunit\u00e0, delle istituzioni, dei sistemi economici ed infrastrutturali.<\/strong><br>La sfida che Resilient Europe pone alle citt\u00e0 della sua rete \u00e8 accrescere la resilienza <strong>alla scala locale<\/strong>, individuando allo stesso tempo un <strong>modello facilmente trasferibile<\/strong> che possa essere replicato altrove, contribuendo a indirizzare l\u2019Europa verso lo sviluppo di una economia intelligente e sostenibile e di una societ\u00e0 maggiormente inclusiva.<\/p>\n\n\n\n<p>La redazione de<strong>i Piani d\u2019Azione<\/strong> sviluppati all\u2019interno del progetto sar\u00e0 basata su un approccio olistico, che tiene conto contemporaneamente delle dimensioni fisiche, economiche e sociali dello sviluppo urbano.<br>Per questo, il tema della <strong>resilienza<\/strong> all\u2019interno del progetto si articola secondo tre componenti:<\/p>\n\n\n\n<ul class=\"wp-block-list\"><li><strong>Resilient people:<\/strong> le persone sono l\u2019aspetto pi\u00f9 importante della citt\u00e0, poich\u00e9 ne sono il capitale sociale. Il livello di inclusione sociale dei cittadini \u00e8 un importante indicatore della resilienza urbana.<\/li><li><strong>Resilient places<\/strong>: lo spazio fisico della citt\u00e0 \u00e8 soggetto a vulnerabilit\u00e0 evidenziate dai continui shock esogeni legati ad eventi sismici, cambiamenti climatici, crimini. \u00c8 importante affrontare il tema di come le infrastrutture possono essere rinforzate ed come gli ecosistemi urbani possono essere protetti e ripristinati.<\/li><li><strong>Resilient institutio<\/strong>n: \u00e8 fondamentale instaurare una rete di connessione tra i decisori politici ed i destinatari delle azioni portate avanti dalla pubblica amministrazione.<\/li><\/ul>\n\n\n\n<p>Preparare la citt\u00e0 a rispondere sia ai rischi prevedibili, sia agli eventi imprevedibili \u00e8 un compito arduo che non pu\u00f2 essere affrontato esclusivamente utilizzando metodologie convenzionali o approcci unicamente economici del tipo costi-benefici. <strong>Cardine della strategia di Resilient Europe \u00e8 il lavoro di crescita del livello di inclusione sociale e dell&#8217;autonomia dei cittadini.<\/strong><br>L\u2019approccio scientifico-metodologico utilizzato si basa sull\u2019applicazione del Transitional Managment, il quale si struttura nelle seguenti fasi: Comprensione e direzione: definizione del problema, costituire ed organizzare una Transition Arena e immaginare; Progettazione: sviluppare un programma del cambiamento, una visione di sviluppo sostenibile e dei percorsi di transizione; Attivazione: definire e portare avanti degli esperimenti e mobilitare le reti di transizione conseguenti; Valutazione: monitorare, valutare e imparare dagli esperimenti ed effettuare sulla base di ci\u00f2 i necessari cambiamenti alla visione del problema, al programma ed alle collaborazioni.<\/p>\n\n\n\n<p>I risultati attesi a livello locale sono:<\/p>\n\n\n\n<ul class=\"wp-block-list\"><li>inserire la resilienza urbana come argomento di centrale importanza nel dibattito politico- culturale della citt\u00e0, aumentando la consapevolezza delle sfide e delle opportunit\u00e0 che le citt\u00e0 resilienti offrono;<\/li><li>formalizzare processi di programmazione e di conoscenza, che riconoscano gli elementi di stress e di shock presenti alla scala urbana, trasformandoli in opportunit\u00e0 mediante sperimentazioni innovative;<\/li><li>sviluppare esperienze e competenze in merito all\u2019implementazione di Piani di azione che interessano porzioni definite del territorio urbano, denominati Urban Living Lab (Laboratori di Resilienza urbana);<\/li><li>incrementare la resilienza delle istituzioni mediante la cooperazione tra i diversi settori o uffici della macchina amministrativa, favorendo la nascita di nuove sinergie e migliorando l\u2019utilizzo delle risorse disponibili;<\/li><li>imparare ad importare ed attuare politiche e competenze derivanti dalla cooperazione con altre realt\u00e0 del territorio europeo.<\/li><\/ul>\n\n\n\n<p>Alla scala internazionale, il progetto mira a:<\/p>\n\n\n\n<ul class=\"wp-block-list\"><li>indirizzare l\u2019attenzione della Commissione Europea sul tema della resilienza come elemento cardine per lo sviluppo urbano;<\/li><li>sviluppare e promuovere l\u2019idea della resilienza come opportunit\u00e0 per le citt\u00e0 ed i cittadini, facilitando la comprensione del concetto di resilienza e delle modalit\u00e0 con cui essa \u00e8 raggiungibile;<\/li><li>modificare il modo con cui urbanisti, politici e altri decisori agiscono, nei processi di recupero e ripristino delle funzioni e dei servizi urbani nelle fasi successive ad eventi di shock\/stress.<\/li><\/ul>\n\n\n<p>[et_pb_section fb_built=&#8221;1&#8243; fullwidth=&#8221;on&#8221; _builder_version=&#8221;3.22&#8243; hover_enabled=&#8221;0&#8243;][et_pb_fullwidth_header title=&#8221;Citt\u00e0 partner&#8221; text_orientation=&#8221;center&#8221; _builder_version=&#8221;3.16&#8243; background_color=&#8221;rgba(255, 255, 255, 0)&#8221; background_layout=&#8221;light&#8221; custom_padding=&#8221;0px||0px|||&#8221; button_one_letter_spacing_hover=&#8221;0&#8243; button_two_letter_spacing_hover=&#8221;0&#8243; button_one_text_size__hover_enabled=&#8221;off&#8221; button_two_text_size__hover_enabled=&#8221;off&#8221; button_one_text_color__hover_enabled=&#8221;off&#8221; button_two_text_color__hover_enabled=&#8221;off&#8221; button_one_border_width__hover_enabled=&#8221;off&#8221; button_two_border_width__hover_enabled=&#8221;off&#8221; button_one_border_color__hover_enabled=&#8221;off&#8221; button_two_border_color__hover_enabled=&#8221;off&#8221; button_one_border_radius__hover_enabled=&#8221;off&#8221; button_two_border_radius__hover_enabled=&#8221;off&#8221; button_one_letter_spacing__hover_enabled=&#8221;on&#8221; button_one_letter_spacing__hover=&#8221;0&#8243; button_two_letter_spacing__hover_enabled=&#8221;on&#8221; button_two_letter_spacing__hover=&#8221;0&#8243; button_one_bg_color__hover_enabled=&#8221;off&#8221; button_two_bg_color__hover_enabled=&#8221;off&#8221; min_height=&#8221;111px&#8221;]<br \/>\n[\/et_pb_fullwidth_header][et_pb_fullwidth_map address=&#8221;Roma, Italia&#8221; zoom_level=&#8221;4&#8243; address_lat=&#8221;49.959609684850214&#8243; address_lng=&#8221;12.925347281005894&#8243; mouse_wheel=&#8221;off&#8221; admin_label=&#8221;Citt\u00e0 su carta&#8221; _builder_version=&#8221;3.0.91&#8243;][et_pb_map_pin title=&#8221;Rotterdam \u2013 Netherlands (LP)&#8221; pin_address=&#8221;Rotterdam, Paesi Bassi&#8221; pin_address_lat=&#8221;51.9244201&#8243; pin_address_lng=&#8221;4.477732500000002&#8243; _builder_version=&#8221;3.0.47&#8243;] [\/et_pb_map_pin][et_pb_map_pin title=&#8221;Potenza &#8211; Italy&#8221; pin_address=&#8221;85100 Potenza, Italia&#8221; pin_address_lat=&#8221;40.6404067&#8243; pin_address_lng=&#8221;15.805604099999982&#8243; _builder_version=&#8221;3.0.47&#8243;] [\/et_pb_map_pin][et_pb_map_pin title=&#8221;Antwerp &#8211; Belgium&#8221; pin_address=&#8221;Anversa, Belgio&#8221; pin_address_lat=&#8221;51.2194475&#8243; pin_address_lng=&#8221;4.40246430000002&#8243; _builder_version=&#8221;3.0.47&#8243;] [\/et_pb_map_pin][et_pb_map_pin title=&#8221;Bristol &#8211; UK&#8221; pin_address=&#8221;Bristol, Bristol, Regno Unito&#8221; pin_address_lat=&#8221;51.454513&#8243; pin_address_lng=&#8221;-2.5879099999999653&#8243; _builder_version=&#8221;3.0.47&#8243;] [\/et_pb_map_pin][et_pb_map_pin title=&#8221;Burgas &#8211; Bulgaria&#8221; pin_address=&#8221;Burgas, Bulgaria&#8221; pin_address_lat=&#8221;42.50479259999999&#8243; pin_address_lng=&#8221;27.462636100000054&#8243; _builder_version=&#8221;3.0.47&#8243;] [\/et_pb_map_pin][et_pb_map_pin title=&#8221;Glasgow &#8211; UK&#8221; pin_address=&#8221;Glasgow, Glasgow, Citt\u00e0 di Glasgow, Regno Unito&#8221; pin_address_lat=&#8221;55.864237&#8243; pin_address_lng=&#8221;-4.251805999999988&#8243; _builder_version=&#8221;3.0.47&#8243;] [\/et_pb_map_pin][et_pb_map_pin title=&#8221;Ioannina \u2013 Greece&#8221; pin_address=&#8221;Ioannina, Grecia&#8221; pin_address_lat=&#8221;39.66502880000001&#8243; pin_address_lng=&#8221;20.853746600000022&#8243; _builder_version=&#8221;3.0.47&#8243;] [\/et_pb_map_pin][et_pb_map_pin title=&#8221;Katowice \u2013 Poland&#8221; pin_address=&#8221;Katowice, Polonia&#8221; pin_address_lat=&#8221;50.26489189999999&#8243; pin_address_lng=&#8221;19.02378150000004&#8243; _builder_version=&#8221;3.0.47&#8243;] [\/et_pb_map_pin][et_pb_map_pin title=&#8221;Malmo &#8211; Sweden&#8221; pin_address=&#8221;Malm\u00f6, Svezia&#8221; pin_address_lat=&#8221;55.604981&#8243; pin_address_lng=&#8221;13.003822000000014&#8243; _builder_version=&#8221;3.0.47&#8243;] [\/et_pb_map_pin][et_pb_map_pin title=&#8221;Thessaloniki &#8211; Greece&#8221; pin_address=&#8221;Salonicco, Grecia&#8221; pin_address_lat=&#8221;40.6400629&#8243; pin_address_lng=&#8221;22.944419100000005&#8243; _builder_version=&#8221;3.0.47&#8243;] [\/et_pb_map_pin][et_pb_map_pin title=&#8221;Vejle \u2013 Denmark&#8221; pin_address=&#8221;Vejle, Danimarca&#8221; pin_address_lat=&#8221;55.7113112&#8243; pin_address_lng=&#8221;9.53635410000004&#8243; _builder_version=&#8221;3.0.47&#8243;] [\/et_pb_map_pin][\/et_pb_fullwidth_map][\/et_pb_section]<\/p>\n\n\n\n<p><strong>Rotterdam<\/strong>\u00a0&#8211;\u00a0<strong>Potenza\u00a0&#8211;\u00a0Antwerp\u00a0&#8211;\u00a0Bristol\u00a0&#8211;\u00a0Burgas\u00a0&#8211;\u00a0Glasgow\u00a0&#8211;\u00a0Ioannina\u00a0&#8211;\u00a0Katowice\u00a0&#8211;\u00a0Malmo\u00a0&#8211;\u00a0Thessaloniki\u00a0&#8211;\u00a0Vejle<\/strong><\/p>\n\n\n\n<p class=\"has-text-align-center\"><a href=\"https:\/\/archivio.comune.potenza.it\/?page_id=15511\"><strong>Laboratorio di resilienza urbana<\/strong><\/a><\/p>\n\n\n\n<p><strong>STAFF&nbsp;<\/strong><strong>DI<\/strong><strong>&nbsp;PROGETTO<\/strong><br>ing. Anna Rossi \u2013 Project Manager<br>0971 \u2013 415328<br><a href=\"mailto:resilient.europe@comune.potenza.it\" target=\"_blank\" rel=\"noreferrer noopener\">resilient.europe@comune.potenza.it<\/a><\/p>\n\n\n\n\n<p>[\/et_pb_text][et_pb_text _builder_version=&#8221;3.27.4&#8243; background_size=&#8221;initial&#8221; background_position=&#8221;top_left&#8221; background_repeat=&#8221;repeat&#8221; text_orientation=&#8221;center&#8221; module_alignment=&#8221;center&#8221; custom_margin=&#8221;||-2px|||&#8221; use_border_color=&#8221;off&#8221;]<\/p>\n<h2>Contatta lo staff<\/h2>\n<p>[\/et_pb_text][et_pb_contact_form email=&#8221;resilient.europe@comune.potenza.it&#8221; success_message=&#8221;Grazie&#8221; _builder_version=&#8221;3.0.101&#8243; border_radii=&#8221;on|0px|0px|0px|0px&#8221; use_border_color=&#8221;off&#8221; border_color=&#8221;#ffffff&#8221; border_style=&#8221;solid&#8221; input_border_radius=&#8221;0&#8243; button_letter_spacing_hover=&#8221;0&#8243;][et_pb_contact_field field_id=&#8221;Name&#8221; field_title=&#8221;Nome&#8221; _builder_version=&#8221;3.16&#8243; button_text_size__hover_enabled=&#8221;off&#8221; button_one_text_size__hover_enabled=&#8221;off&#8221; button_two_text_size__hover_enabled=&#8221;off&#8221; button_text_color__hover_enabled=&#8221;off&#8221; button_one_text_color__hover_enabled=&#8221;off&#8221; button_two_text_color__hover_enabled=&#8221;off&#8221; button_border_width__hover_enabled=&#8221;off&#8221; button_one_border_width__hover_enabled=&#8221;off&#8221; button_two_border_width__hover_enabled=&#8221;off&#8221; button_border_color__hover_enabled=&#8221;off&#8221; button_one_border_color__hover_enabled=&#8221;off&#8221; button_two_border_color__hover_enabled=&#8221;off&#8221; button_border_radius__hover_enabled=&#8221;off&#8221; button_one_border_radius__hover_enabled=&#8221;off&#8221; button_two_border_radius__hover_enabled=&#8221;off&#8221; button_letter_spacing__hover_enabled=&#8221;off&#8221; button_one_letter_spacing__hover_enabled=&#8221;off&#8221; button_two_letter_spacing__hover_enabled=&#8221;off&#8221; button_bg_color__hover_enabled=&#8221;off&#8221; button_one_bg_color__hover_enabled=&#8221;off&#8221; button_two_bg_color__hover_enabled=&#8221;off&#8221;][\/et_pb_contact_field][et_pb_contact_field field_id=&#8221;Email&#8221; field_title=&#8221;Indirizzo e-mail&#8221; field_type=&#8221;email&#8221; _builder_version=&#8221;3.16&#8243; button_text_size__hover_enabled=&#8221;off&#8221; button_one_text_size__hover_enabled=&#8221;off&#8221; button_two_text_size__hover_enabled=&#8221;off&#8221; button_text_color__hover_enabled=&#8221;off&#8221; button_one_text_color__hover_enabled=&#8221;off&#8221; button_two_text_color__hover_enabled=&#8221;off&#8221; button_border_width__hover_enabled=&#8221;off&#8221; button_one_border_width__hover_enabled=&#8221;off&#8221; button_two_border_width__hover_enabled=&#8221;off&#8221; button_border_color__hover_enabled=&#8221;off&#8221; button_one_border_color__hover_enabled=&#8221;off&#8221; button_two_border_color__hover_enabled=&#8221;off&#8221; button_border_radius__hover_enabled=&#8221;off&#8221; button_one_border_radius__hover_enabled=&#8221;off&#8221; button_two_border_radius__hover_enabled=&#8221;off&#8221; button_letter_spacing__hover_enabled=&#8221;off&#8221; button_one_letter_spacing__hover_enabled=&#8221;off&#8221; button_two_letter_spacing__hover_enabled=&#8221;off&#8221; button_bg_color__hover_enabled=&#8221;off&#8221; button_one_bg_color__hover_enabled=&#8221;off&#8221; button_two_bg_color__hover_enabled=&#8221;off&#8221;][\/et_pb_contact_field][et_pb_contact_field field_id=&#8221;Message&#8221; field_title=&#8221;Messaggio&#8221; field_type=&#8221;text&#8221; _builder_version=&#8221;3.16&#8243; button_text_size__hover_enabled=&#8221;off&#8221; button_one_text_size__hover_enabled=&#8221;off&#8221; button_two_text_size__hover_enabled=&#8221;off&#8221; button_text_color__hover_enabled=&#8221;off&#8221; button_one_text_color__hover_enabled=&#8221;off&#8221; button_two_text_color__hover_enabled=&#8221;off&#8221; button_border_width__hover_enabled=&#8221;off&#8221; button_one_border_width__hover_enabled=&#8221;off&#8221; button_two_border_width__hover_enabled=&#8221;off&#8221; button_border_color__hover_enabled=&#8221;off&#8221; button_one_border_color__hover_enabled=&#8221;off&#8221; button_two_border_color__hover_enabled=&#8221;off&#8221; button_border_radius__hover_enabled=&#8221;off&#8221; button_one_border_radius__hover_enabled=&#8221;off&#8221; button_two_border_radius__hover_enabled=&#8221;off&#8221; button_letter_spacing__hover_enabled=&#8221;off&#8221; button_one_letter_spacing__hover_enabled=&#8221;off&#8221; button_two_letter_spacing__hover_enabled=&#8221;off&#8221; button_bg_color__hover_enabled=&#8221;off&#8221; button_one_bg_color__hover_enabled=&#8221;off&#8221; button_two_bg_color__hover_enabled=&#8221;off&#8221;][\/et_pb_contact_field][\/et_pb_contact_form][\/et_pb_column][\/et_pb_row][\/et_pb_section]<\/p>\n","protected":false},"excerpt":{"rendered":"<p>Resilient Europe mira a incrementare la resilienza delle citt\u00e0 coinvolte nel network, consentendo alle comunit\u00e0 locali di sviluppare con successo il proprio potenziale.Le citt\u00e0 coinvolte &#8230; <\/p>\n","protected":false},"author":1,"featured_media":0,"parent":0,"menu_order":0,"comment_status":"closed","ping_status":"closed","template":"","meta":{"footnotes":""},"class_list":["post-15400","page","type-page","status-publish","hentry"],"_links":{"self":[{"href":"https:\/\/archivio.comune.potenza.it\/index.php?rest_route=\/wp\/v2\/pages\/15400"}],"collection":[{"href":"https:\/\/archivio.comune.potenza.it\/index.php?rest_route=\/wp\/v2\/pages"}],"about":[{"href":"https:\/\/archivio.comune.potenza.it\/index.php?rest_route=\/wp\/v2\/types\/page"}],"author":[{"embeddable":true,"href":"https:\/\/archivio.comune.potenza.it\/index.php?rest_route=\/wp\/v2\/users\/1"}],"replies":[{"embeddable":true,"href":"https:\/\/archivio.comune.potenza.it\/index.php?rest_route=%2Fwp%2Fv2%2Fcomments&post=15400"}],"version-history":[{"count":0,"href":"https:\/\/archivio.comune.potenza.it\/index.php?rest_route=\/wp\/v2\/pages\/15400\/revisions"}],"wp:attachment":[{"href":"https:\/\/archivio.comune.potenza.it\/index.php?rest_route=%2Fwp%2Fv2%2Fmedia&parent=15400"}],"curies":[{"name":"wp","href":"https:\/\/api.w.org\/{rel}","templated":true}]}}