{"id":16631,"date":"2016-06-24T10:42:45","date_gmt":"2016-06-24T08:42:45","guid":{"rendered":"http:\/\/archivio.comune.potenza.it\/?page_id=16631"},"modified":"2025-03-07T14:06:56","modified_gmt":"2025-03-07T13:06:56","slug":"servizi-demografici-1","status":"publish","type":"page","link":"https:\/\/archivio.comune.potenza.it\/?page_id=16631","title":{"rendered":"Servizi demografici"},"content":{"rendered":"\n<p>Dall&#8217;8 aprile 2024 gli uffici demografici ricevono il pubblico,<strong> senza appuntamento, <\/strong> il luned\u00ec, mercoled\u00ec e venerd\u00ec dalle 8.30 alle 11.30 e il&nbsp;marted\u00ec e gioved\u00ec solo di pomeriggio dalle 15.30 alle 17.30.<br><strong>Per informazioni telefoniche: chiamare dal luned\u00ec al venerd\u00ec: ore 11.30 \/12.30<\/strong>.<br><br>L\u2018<strong>Ufficio Carte d\u2019Identit\u00e0 di piazza Europa<\/strong> riceve il pubblico per il rilascio della carta d\u2019identit\u00e0 ESCLUSIVAMENTE SU PRENOTAZIONE, dal luned\u00ec al venerd\u00ec dalle ore 8:30 alle 12:30 ed il marted\u00ec e gioved\u00ec anche di pomeriggio dalle ore 16:00 alle 18:00.<\/p>\n\n\n\n<p>La\u00a0<strong>prenotazione dell\u2019appuntamento<\/strong>\u00a0deve essere effettuata sul sito\u00a0<a href=\"http:\/\/www.prenotazionicie.interno.gov.it\/\" target=\"_blank\" rel=\"noreferrer noopener\">www.prenotazionicie.interno.gov.it\u00a0<\/a>del Ministero dell\u2019Interno. <br>Esclusivamente per le persone anziane o non autosufficienti \u00e8 possibile richiedere assistenza per la prenotazione contattando, dal luned\u00ec al venerd\u00ec dalle ore 8:30 alle 13:30 ed il marted\u00ec e gioved\u00ec dalle ore 16:00 alle 18:00, i seguenti numeri di telefono dedicati: 0971415872 &#8211; 0971415071.<br><strong>Non \u00e8 possibile prenotare l&#8217;appuntamento recandosi presso la sede di piazza Europa<\/strong>.<\/p>\n\n\n\n<hr class=\"wp-block-separator has-alpha-channel-opacity\"\/>\n\n\n\n<div class=\"wp-block-columns is-layout-flex wp-container-core-columns-is-layout-1 wp-block-columns-is-layout-flex\">\n<div class=\"wp-block-column is-layout-flow wp-block-column-is-layout-flow\">\n<p><strong><a href=\"https:\/\/archivio.comune.potenza.it\/?p=46355\" data-type=\"link\" data-id=\"https:\/\/archivio.comune.potenza.it\/?p=46355\">Rilascio carta d&#8217;identit\u00e0<\/a><\/strong><\/p>\n\n\n\n<p>Carta di identit\u00e0 elettronica e dichiarazione di volont\u00e0 sulla donazione di organi e tessuti<\/p>\n<\/div>\n\n\n\n<div class=\"wp-block-column is-layout-flow wp-block-column-is-layout-flow\">\n<p><strong><a href=\"https:\/\/archivio.comune.potenza.it\/?page_id=21494\">Cambio di residenza<\/a><\/strong><\/p>\n\n\n\n<p>Dal 9 maggio 2012 il cambio di residenza avviene &nbsp;in tempo reale<\/p>\n<\/div>\n\n\n\n<div class=\"wp-block-column is-layout-flow wp-block-column-is-layout-flow\">\n<p><strong><a href=\"https:\/\/archivio.comune.potenza.it\/?cat=191\">Altre certificazioni anagrafiche<\/a><\/strong><\/p>\n\n\n\n<p>Certificazioni e autocertificazioni, dichiarazioni sostitutive di atto notorio, autentiche, passaggi di propriet\u00e0<\/p>\n<\/div>\n<\/div>\n\n\n\n<div class=\"wp-block-columns is-layout-flex wp-container-core-columns-is-layout-2 wp-block-columns-is-layout-flex\">\n<div class=\"wp-block-column is-layout-flow wp-block-column-is-layout-flow\">\n<p><a href=\"https:\/\/archivio.comune.potenza.it\/?cat=801\" data-type=\"URL\" data-id=\"https:\/\/archivio.comune.potenza.it\/?cat=801\"><strong>ANPR, certificazioni anagrafiche ed elettorali online<\/strong><\/a><\/p>\n\n\n\n<p>Cambio di Residenza, <br>certificati di iscrizione nelle liste elettorali, <br>certificazioni varie<\/p>\n<\/div>\n\n\n\n<div class=\"wp-block-column is-layout-flow wp-block-column-is-layout-flow\">\n<p><strong><a href=\"https:\/\/archivio.comune.potenza.it\/?cat=247\">Matrimonio e Unioni civili<\/a><\/strong><\/p>\n\n\n\n<p>Pubblicazioni, sale comunali per le cerimonie, unioni civili, convivenze di fatto, separazioni, divorzi<\/p>\n<\/div>\n\n\n\n<div class=\"wp-block-column is-layout-flow wp-block-column-is-layout-flow\">\n<p><a href=\"https:\/\/archivio.comune.potenza.it\/?p=54371\"><strong>D.A.T<\/strong><\/a><\/p>\n\n\n\n<p>Disposizioni anticipate di trattamento, comunemente definite &#8220;testamento biologico&#8221; o &#8220;biotestamento&#8221;.<\/p>\n<\/div>\n\n\n\n<div class=\"wp-block-column is-layout-flow wp-block-column-is-layout-flow\">\n<p><strong><a href=\"https:\/\/archivio.comune.potenza.it\/?cat=241\">Altre certificazioni di Stato Civile<\/a><\/strong><\/p>\n\n\n\n<p>Nascite, decessi, cittadinanza, rettifica dati personali, donazione organi <\/p>\n<\/div>\n<\/div>\n","protected":false},"excerpt":{"rendered":"<p>Dall&#8217;8 aprile 2024 gli uffici demografici ricevono il pubblico, senza appuntamento, il luned\u00ec, mercoled\u00ec e venerd\u00ec dalle 8.30 alle 11.30 e il&nbsp;marted\u00ec e gioved\u00ec solo &#8230; <\/p>\n","protected":false},"author":5,"featured_media":0,"parent":11140,"menu_order":0,"comment_status":"closed","ping_status":"closed","template":"","meta":{"footnotes":""},"class_list":["post-16631","page","type-page","status-publish","hentry"],"_links":{"self":[{"href":"https:\/\/archivio.comune.potenza.it\/index.php?rest_route=\/wp\/v2\/pages\/16631"}],"collection":[{"href":"https:\/\/archivio.comune.potenza.it\/index.php?rest_route=\/wp\/v2\/pages"}],"about":[{"href":"https:\/\/archivio.comune.potenza.it\/index.php?rest_route=\/wp\/v2\/types\/page"}],"author":[{"embeddable":true,"href":"https:\/\/archivio.comune.potenza.it\/index.php?rest_route=\/wp\/v2\/users\/5"}],"replies":[{"embeddable":true,"href":"https:\/\/archivio.comune.potenza.it\/index.php?rest_route=%2Fwp%2Fv2%2Fcomments&post=16631"}],"version-history":[{"count":0,"href":"https:\/\/archivio.comune.potenza.it\/index.php?rest_route=\/wp\/v2\/pages\/16631\/revisions"}],"up":[{"embeddable":true,"href":"https:\/\/archivio.comune.potenza.it\/index.php?rest_route=\/wp\/v2\/pages\/11140"}],"wp:attachment":[{"href":"https:\/\/archivio.comune.potenza.it\/index.php?rest_route=%2Fwp%2Fv2%2Fmedia&parent=16631"}],"curies":[{"name":"wp","href":"https:\/\/api.w.org\/{rel}","templated":true}]}}