{"id":16798,"date":"2016-06-30T18:22:44","date_gmt":"2016-06-30T16:22:44","guid":{"rendered":"http:\/\/archivio.comune.potenza.it\/?page_id=16798"},"modified":"2022-01-14T12:09:54","modified_gmt":"2022-01-14T11:09:54","slug":"diritti-e-partecipazione","status":"publish","type":"page","link":"https:\/\/archivio.comune.potenza.it\/?page_id=16798","title":{"rendered":"Diritti e partecipazione"},"content":{"rendered":"\n<div class=\"wp-block-columns is-layout-flex wp-container-core-columns-is-layout-1 wp-block-columns-is-layout-flex\">\n<div class=\"wp-block-column is-layout-flow wp-block-column-is-layout-flow\">\n<p><strong><a href=\"https:\/\/archivio.comune.potenza.it\/?cat=465\">Comitati di quartiere<\/a><\/strong><\/p>\n\n\n\n<p>La citt\u00e0 partecipa<\/p>\n<\/div>\n\n\n\n<div class=\"wp-block-column is-layout-flow wp-block-column-is-layout-flow\">\n<p><strong><a href=\"https:\/\/archivio.comune.potenza.it\/?cat=96\">Albi associazioni<\/a><\/strong><\/p>\n\n\n\n<p>Associazionismo in citt\u00e0<\/p>\n<\/div>\n\n\n\n<div class=\"wp-block-column is-layout-flow wp-block-column-is-layout-flow\">\n<p><strong><a href=\"https:\/\/archivio.comune.potenza.it\/?cat=95\">Albi fornitori<\/a><\/strong><\/p>\n\n\n\n<p>Servizi, prestazioni d&#8217;opera e materiale di consumo<\/p>\n<\/div>\n<\/div>\n\n\n\n<div class=\"wp-block-columns is-layout-flex wp-container-core-columns-is-layout-2 wp-block-columns-is-layout-flex\">\n<div class=\"wp-block-column is-layout-flow wp-block-column-is-layout-flow\">\n<p><strong><a href=\"https:\/\/archivio.comune.potenza.it\/?cat=506\">Citt\u00e0 educante<\/a><\/strong><\/p>\n\n\n\n<p>La citt\u00e0 dei ragazzi<\/p>\n<\/div>\n\n\n\n<div class=\"wp-block-column is-layout-flow wp-block-column-is-layout-flow\"><\/div>\n<\/div>\n\n\n\n<div class=\"wp-block-columns is-layout-flex wp-container-core-columns-is-layout-3 wp-block-columns-is-layout-flex\">\n<div class=\"wp-block-column is-layout-flow wp-block-column-is-layout-flow\"><\/div>\n\n\n\n<div class=\"wp-block-column is-layout-flow wp-block-column-is-layout-flow\"><\/div>\n<\/div>\n","protected":false},"excerpt":{"rendered":"<p>Comitati di quartiere La citt\u00e0 partecipa Albi associazioni Associazionismo in citt\u00e0 Albi fornitori Servizi, prestazioni d&#8217;opera e materiale di consumo Citt\u00e0 educante La citt\u00e0 dei &#8230; <\/p>\n","protected":false},"author":5,"featured_media":0,"parent":11140,"menu_order":0,"comment_status":"closed","ping_status":"closed","template":"","meta":{"footnotes":""},"class_list":["post-16798","page","type-page","status-publish","hentry"],"_links":{"self":[{"href":"https:\/\/archivio.comune.potenza.it\/index.php?rest_route=\/wp\/v2\/pages\/16798"}],"collection":[{"href":"https:\/\/archivio.comune.potenza.it\/index.php?rest_route=\/wp\/v2\/pages"}],"about":[{"href":"https:\/\/archivio.comune.potenza.it\/index.php?rest_route=\/wp\/v2\/types\/page"}],"author":[{"embeddable":true,"href":"https:\/\/archivio.comune.potenza.it\/index.php?rest_route=\/wp\/v2\/users\/5"}],"replies":[{"embeddable":true,"href":"https:\/\/archivio.comune.potenza.it\/index.php?rest_route=%2Fwp%2Fv2%2Fcomments&post=16798"}],"version-history":[{"count":0,"href":"https:\/\/archivio.comune.potenza.it\/index.php?rest_route=\/wp\/v2\/pages\/16798\/revisions"}],"up":[{"embeddable":true,"href":"https:\/\/archivio.comune.potenza.it\/index.php?rest_route=\/wp\/v2\/pages\/11140"}],"wp:attachment":[{"href":"https:\/\/archivio.comune.potenza.it\/index.php?rest_route=%2Fwp%2Fv2%2Fmedia&parent=16798"}],"curies":[{"name":"wp","href":"https:\/\/api.w.org\/{rel}","templated":true}]}}