{"id":18419,"date":"2016-10-19T10:20:14","date_gmt":"2016-10-19T08:20:14","guid":{"rendered":"http:\/\/archivio.comune.potenza.it\/?page_id=18419"},"modified":"2025-04-28T10:24:25","modified_gmt":"2025-04-28T08:24:25","slug":"a-t-e-m","status":"publish","type":"page","link":"https:\/\/archivio.comune.potenza.it\/?page_id=18419","title":{"rendered":"A.T.E.M."},"content":{"rendered":"\n<div class=\"wp-block-columns is-layout-flex wp-container-core-columns-is-layout-1 wp-block-columns-is-layout-flex\">\n<div class=\"wp-block-column is-layout-flow wp-block-column-is-layout-flow\">\n<p><strong><a href=\"https:\/\/archivio.comune.potenza.it\/?page_id=20173\">Distribuzione gas naturale<\/a><\/strong><\/p>\n\n\n\n<p>La distribuzione del gas \u00e9 un&#8217;attivit\u00e0 regolata, in monopolio territoriale, che richiede neutralit\u00e0, trasparenza ed efficacia<\/p>\n<\/div>\n\n\n\n<div class=\"wp-block-column is-layout-flow wp-block-column-is-layout-flow\">\n<p><strong><a href=\"https:\/\/archivio.comune.potenza.it\/?page_id=20174\">ATEM \u201cPotenza 2 \u2013 Sud\u201d<\/a><\/strong><\/p>\n\n\n\n<p>L&#8217; Ambito Territoriale Minimo si compone di 60 Comuni, tutti ricadenti nella provincia di Potenza<\/p>\n<\/div>\n\n\n\n<div class=\"wp-block-column is-layout-flow wp-block-column-is-layout-flow\">\n<p><strong><a href=\"https:\/\/archivio.comune.potenza.it\/?page_id=20152\">Percorso associativo<\/a><\/strong><\/p>\n\n\n\n<p>La conferenza dei Sindaci&nbsp;la Convenzione e l&#8217;avvio delle attivit\u00e0<\/p>\n<\/div>\n<\/div>\n\n\n\n<div class=\"wp-block-columns is-layout-flex wp-container-core-columns-is-layout-2 wp-block-columns-is-layout-flex\">\n<div class=\"wp-block-column is-layout-flow wp-block-column-is-layout-flow\">\n<p><strong><a href=\"https:\/\/archivio.comune.potenza.it\/?page_id=20179\">Assistenza specialistica<\/a><\/strong><\/p>\n\n\n\n<p>Copertura degli oneri di gara: il corrispettivo <em>una tantum. <\/em>Assistenza specialistica nella preparazione degli atti<\/p>\n<\/div>\n\n\n\n<div class=\"wp-block-column is-layout-flow wp-block-column-is-layout-flow\">\n<p><strong><a href=\"http:\/\/www.rete.potenza.it:8180\/PortaleAppalti\/it\/homepage.wp\">Gara ATEM<\/a><\/strong><\/p>\n\n\n\n<p>Il bando di gara per l&#8217;affidamento in concessione del servizio di distribuzione del gas naturale \u00e8 stato pubblicato sulla G.U.U.E. del 07\/02\/2020 e gli atti della procedura di gara, che si svolge mediante utilizzo del portale e-Procurement, sono consultabili al <a href=\"https:\/\/appalti.rete.potenza.it\/PortaleAppalti\/it\/homepage.wp\">seguente link<\/a><\/p>\n<\/div>\n\n\n\n<div class=\"wp-block-column is-layout-flow wp-block-column-is-layout-flow\">\n<p><strong><a href=\"https:\/\/archivio.comune.potenza.it\/?page_id=20177\">Glossario<\/a><\/strong><\/p>\n\n\n\n<p>Elenco termini specialistici e loro significato<\/p>\n<\/div>\n<\/div>\n","protected":false},"excerpt":{"rendered":"<p>Distribuzione gas naturale La distribuzione del gas \u00e9 un&#8217;attivit\u00e0 regolata, in monopolio territoriale, che richiede neutralit\u00e0, trasparenza ed efficacia ATEM \u201cPotenza 2 \u2013 Sud\u201d L&#8217; &#8230; <\/p>\n","protected":false},"author":1,"featured_media":0,"parent":11140,"menu_order":0,"comment_status":"closed","ping_status":"closed","template":"","meta":{"footnotes":""},"class_list":["post-18419","page","type-page","status-publish","hentry"],"_links":{"self":[{"href":"https:\/\/archivio.comune.potenza.it\/index.php?rest_route=\/wp\/v2\/pages\/18419"}],"collection":[{"href":"https:\/\/archivio.comune.potenza.it\/index.php?rest_route=\/wp\/v2\/pages"}],"about":[{"href":"https:\/\/archivio.comune.potenza.it\/index.php?rest_route=\/wp\/v2\/types\/page"}],"author":[{"embeddable":true,"href":"https:\/\/archivio.comune.potenza.it\/index.php?rest_route=\/wp\/v2\/users\/1"}],"replies":[{"embeddable":true,"href":"https:\/\/archivio.comune.potenza.it\/index.php?rest_route=%2Fwp%2Fv2%2Fcomments&post=18419"}],"version-history":[{"count":0,"href":"https:\/\/archivio.comune.potenza.it\/index.php?rest_route=\/wp\/v2\/pages\/18419\/revisions"}],"up":[{"embeddable":true,"href":"https:\/\/archivio.comune.potenza.it\/index.php?rest_route=\/wp\/v2\/pages\/11140"}],"wp:attachment":[{"href":"https:\/\/archivio.comune.potenza.it\/index.php?rest_route=%2Fwp%2Fv2%2Fmedia&parent=18419"}],"curies":[{"name":"wp","href":"https:\/\/api.w.org\/{rel}","templated":true}]}}