{"id":20173,"date":"2017-02-14T17:29:08","date_gmt":"2017-02-14T16:29:08","guid":{"rendered":"http:\/\/archivio.comune.potenza.it\/?page_id=20173"},"modified":"2021-11-30T12:29:59","modified_gmt":"2021-11-30T11:29:59","slug":"20173-2","status":"publish","type":"page","link":"https:\/\/archivio.comune.potenza.it\/?page_id=20173","title":{"rendered":"Distribuzione gas naturale"},"content":{"rendered":"\n<p>La distribuzione di gas naturale \u00e8 quell\u2019attivit\u00e0 che, attraverso un sistema integrato di infrastrutture (cabine di prelievo, impianti di riduzione della pressione, reti di distribuzione, punti di riconsegna) assicura il prelievo del gas dalla rete nazionale di trasporto per riconsegnarlo ai clienti finali (domestici o industriali).<br>La distribuzione del gas \u00e9 un&#8217;attivit\u00e0 regolata, in monopolio territoriale, che richiede neutralit\u00e0, trasparenza ed efficacia nei confronti delle imprese di vendita, nonch\u00e9 efficienza nella gestione per ridurre i costi e quindi le tariffe di distribuzione ai clienti finali.<br>Il settore della distribuzione del gas naturale ha subito in Italia, a partire dal 2000, anno di emanazione del Decreto Legislativo 23 maggio 2000, n. 164 (cd. \u201cDecreto Letta\u201d), un profondo processo di riforma.<br>La distribuzione del gas naturale \u00e8 stata riconosciuta quale \u201cservizio pubblico\u201d dall\u2019art. 14, comma 1, del Decreto Letta.<br>A seguito dell\u2019entrata in vigore del Decreto Letta si \u00e8 avuta una riduzione ex lege dei termini di scadenza dedotti nei previgenti contratti di concessione.<br>Il Decreto Letta ha sancito l\u2019apertura alla concorrenza del settore della distribuzione del gas naturale, prescrivendo l\u2019affidamento del servizio di distribuzione mediante gara per periodi non superiori a 12 anni; ha altres\u00ec confermato l\u2019attivit\u00e0 di indirizzo, vigilanza, programmazione e controllo da parte degli Enti locali sull\u2019attivit\u00e0 di distribuzione, che deve essere disciplinata sulla base di apposito contratto di servizio con il gestore il cui contenuto \u00e8 fissato da un contratto tipo predisposto dall\u2019Autorit\u00e0 per l\u2019energia elettrica ed il gas, ora Autorit\u00e0 per l\u2019energia elettrica, il gas e il sistema idrico (AEEGSI) ed approvato con decreto del Ministero dello Sviluppo Economico (MISE).<br>Il legislatore, al fine di rendere pi\u00f9 efficiente l\u2019attivit\u00e0 di distribuzione del gas, ha previsto che la stessa sia svolta su ambiti territoriali pi\u00f9 ampi del singolo comune, introducendo, con l\u2019art. 46-bis del Decreto-Legge 1\u00b0 ottobre 2007, n. 159, convertito con modificazioni nella Legge 29 novembre 2007, n. 222, l\u2019ambito territoriale minimo (A.Te.M.).<br>Con Decreto Ministeriale 19 gennaio 2011 (cd. \u201cDecreto Ambiti\u201d) sono stati individuati 177 ambiti a livello nazionale, rinviando ad un successivo decreto l\u2019identificazione puntuale dei Comuni appartenenti a ciascun ambito. Il Decreto Ambiti ha specificato che gli Enti locali di ciascun ambito territoriale minimo affidano il servizio di distribuzione del gas tramite gara unica e che l\u2019affidamento di tutti gli impianti dello stesso ambito territoriale minimo scade al dodicesimo anno decorrente dalla data dell\u2019affidamento al gestore vincitore della gara del primo impianto appartenente all\u2019ambito.<br>Con Decreto Ministeriale 18 ottobre 2011 (cd. \u201cDecreto Comuni\u201d) si \u00e8 completata la perimetrazione degli ambiti, essendovi elencati i Comuni appartenenti a ciascuno di essi.<br>I criteri usati per l&#8217;individuazione dei Comuni ricompresi in ciascun ambito sono esposti nelle premesse del Decreto Comuni, nel seguente ordine di priorit\u00e0:<\/p>\n\n\n\n<ul class=\"wp-block-list\"><li>i comuni interconnessi devono appartenere allo stesso ambito;<\/li><li>i comuni appartenenti ad un ambito devono essere contigui;<\/li><li>l&#8217;ambito deve avere almeno 50.000 clienti effettivi, al fine di evitare che al gestore subentrante debba essere riconosciuta una maggiorazione tariffaria dei costi operativi superiore al 13%;<\/li><li>qualora in un bacino CIPE per il finanziamento di cui alla metanizzazione nel Mezzogiorno vi siano ancora dei comuni da metanizzare, i comuni appartenenti al bacino devono essere tutti nello stesso ambito;<\/li><li>i comuni della stessa comunit\u00e0 montana o di aree tipiche con caratteristiche storico-morfologiche omogenee, in cui gi\u00e0 esistono rapporti di collaborazioni fra i comuni, sono inseriti, a meno di conflittualit\u00e0 con i criteri precedenti, nello stesso ambito per facilitarne l&#8217;aggregazione;<\/li><li>il numero dei comuni degli ambiti pi\u00f9 numerosi deve essere il pi\u00f9 possibile vicino a 50, compatibilmente con i precedenti criteri;<\/li><li>vi sia facilit\u00e0 di comunicazione stradale tra comuni nello stesso ambito al fine di facilitare l&#8217;organizzazione delle attivit\u00e0 di pronto intervento;<\/li><li>qualora i precedenti criteri siano tutti soddisfatti e rimangano soluzioni alternative, \u00e8 preferita la soluzione di maggiore equilibrio tra gli ambiti in termini di numero di comuni e, secondariamente, di numero di clienti.<\/li><\/ul>\n","protected":false},"excerpt":{"rendered":"<p>La distribuzione di gas naturale \u00e8 quell\u2019attivit\u00e0 che, attraverso un sistema integrato di infrastrutture (cabine di prelievo, impianti di riduzione della pressione, reti di distribuzione, &#8230; <\/p>\n","protected":false},"author":2,"featured_media":0,"parent":18419,"menu_order":0,"comment_status":"closed","ping_status":"closed","template":"","meta":{"footnotes":""},"class_list":["post-20173","page","type-page","status-publish","hentry"],"_links":{"self":[{"href":"https:\/\/archivio.comune.potenza.it\/index.php?rest_route=\/wp\/v2\/pages\/20173"}],"collection":[{"href":"https:\/\/archivio.comune.potenza.it\/index.php?rest_route=\/wp\/v2\/pages"}],"about":[{"href":"https:\/\/archivio.comune.potenza.it\/index.php?rest_route=\/wp\/v2\/types\/page"}],"author":[{"embeddable":true,"href":"https:\/\/archivio.comune.potenza.it\/index.php?rest_route=\/wp\/v2\/users\/2"}],"replies":[{"embeddable":true,"href":"https:\/\/archivio.comune.potenza.it\/index.php?rest_route=%2Fwp%2Fv2%2Fcomments&post=20173"}],"version-history":[{"count":0,"href":"https:\/\/archivio.comune.potenza.it\/index.php?rest_route=\/wp\/v2\/pages\/20173\/revisions"}],"up":[{"embeddable":true,"href":"https:\/\/archivio.comune.potenza.it\/index.php?rest_route=\/wp\/v2\/pages\/18419"}],"wp:attachment":[{"href":"https:\/\/archivio.comune.potenza.it\/index.php?rest_route=%2Fwp%2Fv2%2Fmedia&parent=20173"}],"curies":[{"name":"wp","href":"https:\/\/api.w.org\/{rel}","templated":true}]}}