{"id":21494,"date":"2017-05-10T13:08:14","date_gmt":"2017-05-10T11:08:14","guid":{"rendered":"http:\/\/archivio.comune.potenza.it\/?page_id=21494"},"modified":"2024-04-08T12:51:53","modified_gmt":"2024-04-08T10:51:53","slug":"cambio-di-residenza","status":"publish","type":"page","link":"https:\/\/archivio.comune.potenza.it\/?page_id=21494","title":{"rendered":"Cambio di residenza"},"content":{"rendered":"\n<p>L\u2019art. 5 del decreto-legge 9 febbraio 2012, n.5, convertito in legge 4 aprile 2012, n. 35, introduce nuove disposizioni in materia anagrafica, riguardanti le modalit\u00e0 con le quali effettuare le dichiarazioni anagrafiche di:<\/p>\n\n\n\n<ul class=\"wp-block-list\">\n<li>iscrizione anagrafica con provenienza da altro comune<\/li>\n\n\n\n<li>iscrizione anagrafica dall\u2019estero<\/li>\n\n\n\n<li>cambio di abitazione all\u2019interno del comune<\/li>\n\n\n\n<li>emigrazione all\u2019estero<\/li>\n<\/ul>\n\n\n\n<p>Tali disposizioni sono in vigore dal <strong>9 maggio 2012<\/strong>. Si precisa, inoltre che L\u2019art 5 del Decreto-Legge 28 marzo 2014 n. 47, convertito in Legge 23 maggio 2014 n. 80 recita <em>\u201cChiunque occupa abusivamente un immobile non pu\u00f2 chiedere la residenza n\u00e9 l\u2019allacciamento a pubblici esercizi in relazione all\u2019immobile medesimo e gli atti emessi in violazione di tale decreto sono nulli a tutti gli effetti di legge\u201d. <\/em>Si invitano, pertanto, gli interassati a produrre idonea documentazione al momento del camdio di residenza da altra citt\u00e0 o di cambio di indirizzo a Potenza. I cittadini dovranno rendere le dichiarazioni anagrafiche attraverso la compilazione di moduli conformi a quelli pubblicati sul sito internet del Ministero, compilati in tutte le parti indicate come obbligatorie. La dichiarazione per essere accettata deve infatti contenere necessariamente tutti i dati obbligatori previsti nell\u2019apposito modulo. <br>Alla dichiarazione deve essere allegata <strong>copia del documento d\u2019identit\u00e0 del richiedente<\/strong> e delle persone che trasferiscono la residenza unitamente al richiedente che, se maggiorenni, devono sottoscrivere il modulo. Il cittadino proveniente da uno Stato estero, ai fini della registrazione in anagrafe del rapporto di parentela con altri componenti della famiglia, deve allegare la relativa documentazione, in regola con le disposizioni in materia di traduzione e legalizzazione dei documenti. Il cittadino di Stato non appartenente all\u2019Unione Europea deve allegare la documentazione indicata nell\u2019<a href=\"https:\/\/archivio.comune.potenza.it\/attachments\/article\/5782\/Allegato%20A%20-%20documentazione%20iscrizione%20anagrafica%20cittadini%20di%20Stati%20no%20UE.pdf\">allegato A <\/a>Il cittadino di Stato appartenente all\u2019Unione Europea deve allegare la documentazione indicata nell\u2019<a href=\"https:\/\/archivio.comune.potenza.it\/attachments\/article\/5782\/Allegato%20B%20-%20documentazione%20iscrizione%20anagrafica%20di%20cittadini%20di%20Stati%20UE.pdf\">allegato B <\/a>I cittadini potranno presentare le dichiarazioni anagrafiche nei seguenti modi: <br><strong>1. direttamente allo sportello anagrafico di Via N. Sauro (Mobility Center),<\/strong> tel. 0971\/415818 -825 &#8211; 828 &#8211; 829\u00a0 fax.0971-415817 <br><strong>Orario di ricezione\u00a0 pubblico<\/strong>: <br>luned\u00ec, mercoled\u00ec e venerdi dalle ore 8.30 alle 11.30<br>marted\u00ec e gioved\u00ec soltanto il pomeriggio dalle 15.30 alle 17.30.<br>Gli uffici demografici possono essere contattati telefonicamente tutti i giorni, dal luned\u00ec al venerd\u00ec dalle ore 11.30 alle 12.30.<br><strong>2. per raccomandata<\/strong> indirizzata a: Servizi Demografici- Mobility Center, Via N. Sauro- 85100 Potenza <br><strong>3. per fax<\/strong> al numero: 0971-415817 <br><strong>4. per posta elettronica<\/strong> ordinaria all\u2019indirizzo dedicato:\u00a0<a href=\"mailto:cambioresidenza@comune.potenza.it\">cambioresidenza@comune.potenza.it<\/a><br><strong>5. tramite PEC<\/strong> (posta elettronica certificata) al seguente indirizzo:<a href=\"mailto:protocollo@pec.comune.potenza.it\">protocollo@pec.comune.potenza.it<\/a><br><br><strong>L\u2019invio telematico \u00e8 consentito ad una delle seguenti condizioni:<\/strong><\/p>\n\n\n\n<ul class=\"wp-block-list\">\n<li>che la dichiarazione sia sottoscritta con firma digitale;<\/li>\n\n\n\n<li>che l\u2019autore sia identificato dal sistema informatico con l\u2019uso della Carta d\u2019identit\u00e0 elettronica, della carta nazionale dei servizi, o comunque con strumenti che consentano l\u2019individuazione del soggetto che effettua la dichiarazione;<\/li>\n\n\n\n<li>che la dichiarazione sia trasmessa attraverso la casella di posta elettronica certificata del dichiarante<\/li>\n\n\n\n<li>che la copia della dichiarazione recante la firma autografa e la copia del documento d\u2019identit\u00e0 del dichiarante siano acquisite mediante scanner e trasmesse tramite posta elettronica semplice.<\/li>\n<\/ul>\n\n\n\n<p><strong>Il nuovo procedimento <\/strong>E\u2019 rilasciata all\u2019interessato, contestualmente alla presentazione allo sportello o successivamente, con altro mezzo, la comunicazione di avvio del procedimento prevista dalla Legge 241\/90. A seguito della dichiarazione resa, l\u2019Ufficiale d\u2019Anagrafe proceder\u00e0 immediatamente, e comunque entro i due giorni lavorativi successivi, alla registrazione della nuova residenza \/cambio abitazione, con decorrenza dalla data di presentazione delle dichiarazioni stesse, richiedendo la cancellazione al Comune di provenienza (nel caso di cittadini residenti in altro comune) il quale, entro 5 giorni lavorativi, comunica\/conferma al Comune di nuova iscrizione i dati necessari alla registrazione della scheda individuale e di famiglia. Nelle more, il Comune di nuova iscrizione rilascia solo certificazioni di residenza e stato di famiglia limitatamente alle informazioni documentate, il Comune di provenienza invece sospende immediatamente la certificazione. E\u2019possibile rilasciare tutta la certificazione solo dopo la conferma dei dati da parte del comune di provenienza. <br>L\u2019Ufficiale d\u2019Anagrafe dispone, entro 45 giorni dalla data di presentazione della dichiarazione, gli accertamenti per verificare la dimora abituale e la regolarit\u00e0 della documentazione presentata (per i cittadini dell\u2019Unione Europea), comunicando al cittadino interessato, entro lo stesso termine, l\u2019eventuale esito negativo. Se, decorso tale termine, il cittadino non riceve alcuna comunicazione da parte del Comune, la pratica si considera definitivamente accettata, con applicazione della regola del silenzio \u2013 assenso. In caso di pre-requisiti mancanti (es. titolo di soggiorno) od esito negativo dell\u2019accertamento in ordine alla dimora abituale, il Comune invia all\u2019interessato il preavviso di rigetto previsto dall\u2019art. 10 bis Legge 241\/90 e successive modifiche e integrazioni. L\u2019interessato ha diritto di presentare, entro il termine di 10 giorni, osservazioni e documenti. La comunicazione interrompe i termini, che iniziano a decorrere di nuovo dalla data di presentazione delle osservazioni o, trascorsi 10 giorni dalla comunicazione di cui sopra. Le motivazioni di mancato accoglimento delle osservazioni saranno indicate nel provvedimento di rigetto e di ripristino della posizione precedente.<br><br> <strong>Conseguenze in caso di dichiarazioni mendaci <\/strong>In caso di dichiarazioni non corrispondenti al vero, si applicano gli articoli 75 e 76 del D.P.R. n. 445\/2000, i quali dispongono rispettivamente la decadenza dai benefici acquisiti per effetto della dichiarazione, nonch\u00e9 il rilievo penale della dichiarazione mendace. L\u2019Ufficiale d\u2019Anagrafe proceder\u00e0, contestualmente, ad apposita segnalazione alle autorit\u00e0 di pubblica sicurezza delle discordanze tra le dichiarazioni rese dagli interessati e gli esiti degli accertamenti esperiti. Inoltre la norma prescrive, in caso di non rispondenza allo stato di fatto, il ripristino delle registrazioni anagrafiche antecedenti alla data della dichiarazione resa:<\/p>\n\n\n\n<ul class=\"wp-block-list\">\n<li>nel caso di prima iscrizione anagrafica (dall\u2019estero o da irreperibilit\u00e0) si proceder\u00e0 a cancellare l\u2019interessato con effetto retroattivo a decorrere dalla dichiarazione;<\/li>\n\n\n\n<li>nell\u2019ipotesi di iscrizione con provenienza da altro comune o dall\u2019estero del cittadino iscritto all\u2019 AIRE si canceller\u00e0 l\u2019interessato dalla data della dichiarazione, dandone immediata comunicazione al comune di provenienza o di iscrizione AIRE, al fine della tempestiva iscrizione dello stesso con la medesima decorrenza;<\/li>\n\n\n\n<li>nel caso di cambiamento di abitazione si registrer\u00e0 nuovamente l\u2019interessato nell\u2019abitazione precedente, sempre con la decorrenza gi\u00e0 indicata.<\/li>\n<\/ul>\n\n\n\n<p><a href=\"https:\/\/archivio.comune.potenza.it\/wp-content\/uploads\/2024\/02\/MODULO-DI-RESIDENZA-AGGIORNATO-IN-PDF-con-privacy.pdf\" data-type=\"link\" data-id=\"https:\/\/archivio.comune.potenza.it\/wp-content\/uploads\/2024\/02\/MODULO-DI-RESIDENZA-AGGIORNATO-IN-PDF-con-privacy.pdf\">Dichiarazione di residenza<\/a><br><a href=\"https:\/\/archivio.comune.potenza.it\/wp-content\/uploads\/2019\/08\/Dichiarazione-di-trasferimento-di-residenza-allestero-convertito-convertito.pdf\">Dichiarazione di trasferimento di residenza all\u2019estero<\/a><br><a href=\"https:\/\/archivio.comune.potenza.it\/attachments\/article\/5782\/Allegato%20A%20-%20documentazione%20iscrizione%20anagrafica%20cittadini%20di%20Stati%20no%20UE.pdf\">Allegato A \u2013 documentazione iscrizione anagrafica cittadini di Stati no UE<\/a><br><a href=\"https:\/\/archivio.comune.potenza.it\/attachments\/article\/5782\/Allegato%20B%20-%20documentazione%20iscrizione%20anagrafica%20di%20cittadini%20di%20Stati%20UE.pdf\">Allegato B \u2013 documentazione iscrizione anagrafica di cittadini di Stati UE<\/a><br><a href=\"https:\/\/archivio.comune.potenza.it\/attachments\/article\/5782\/Circolare%20Ministero%20dell'Interno%209-2012.pdf\">Circolare Ministero dell\u2019Interno 9-2012<\/a><br><a href=\"https:\/\/archivio.comune.potenza.it\/attachments\/article\/5782\/Circolare%20Prefettura%20Pz%20del%2012-08-2014.pdf\">Circolare Prefettura Pz del 12-08-2014<\/a><\/p>\n","protected":false},"excerpt":{"rendered":"<p>L\u2019art. 5 del decreto-legge 9 febbraio 2012, n.5, convertito in legge 4 aprile 2012, n. 35, introduce nuove disposizioni in materia anagrafica, riguardanti le modalit\u00e0 &#8230; <\/p>\n","protected":false},"author":2,"featured_media":0,"parent":16631,"menu_order":0,"comment_status":"closed","ping_status":"closed","template":"","meta":{"footnotes":""},"class_list":["post-21494","page","type-page","status-publish","hentry"],"_links":{"self":[{"href":"https:\/\/archivio.comune.potenza.it\/index.php?rest_route=\/wp\/v2\/pages\/21494"}],"collection":[{"href":"https:\/\/archivio.comune.potenza.it\/index.php?rest_route=\/wp\/v2\/pages"}],"about":[{"href":"https:\/\/archivio.comune.potenza.it\/index.php?rest_route=\/wp\/v2\/types\/page"}],"author":[{"embeddable":true,"href":"https:\/\/archivio.comune.potenza.it\/index.php?rest_route=\/wp\/v2\/users\/2"}],"replies":[{"embeddable":true,"href":"https:\/\/archivio.comune.potenza.it\/index.php?rest_route=%2Fwp%2Fv2%2Fcomments&post=21494"}],"version-history":[{"count":0,"href":"https:\/\/archivio.comune.potenza.it\/index.php?rest_route=\/wp\/v2\/pages\/21494\/revisions"}],"up":[{"embeddable":true,"href":"https:\/\/archivio.comune.potenza.it\/index.php?rest_route=\/wp\/v2\/pages\/16631"}],"wp:attachment":[{"href":"https:\/\/archivio.comune.potenza.it\/index.php?rest_route=%2Fwp%2Fv2%2Fmedia&parent=21494"}],"curies":[{"name":"wp","href":"https:\/\/api.w.org\/{rel}","templated":true}]}}