{"id":24149,"date":"2017-10-24T12:51:31","date_gmt":"2017-10-24T10:51:31","guid":{"rendered":"http:\/\/archivio.comune.potenza.it\/?page_id=24149"},"modified":"2021-12-16T11:52:08","modified_gmt":"2021-12-16T10:52:08","slug":"pacchetto-creopportunita","status":"publish","type":"page","link":"https:\/\/archivio.comune.potenza.it\/?page_id=24149","title":{"rendered":"Pacchetto CreOpportunit\u00e0"},"content":{"rendered":"\n<p>Il<a href=\"http:\/\/regione.basilicata.it\/creopportunita\/\" target=\"_blank\" rel=\"noreferrer noopener\"> Pacchetto regionale CreOpportunit\u00e0<\/a>&nbsp;&nbsp;ha la finalit\u00e0 di favorire e stimolare l\u2019imprenditorialit\u00e0 lucana mediante il sostegno all\u2019avvio ed allo sviluppo di nuove iniziative imprenditoriali nei settori dell\u2019industria, della trasformazione dei prodotti agricoli, dei servizi, del commercio, dell\u2019artigianato, del turismo, della cultura, dell\u2019intrattenimento, del sociale, nonch\u00e8 di incentivare le professioni.<br>Il pacchetto opera attraverso tre Avvisi Pubblici:<\/p>\n\n\n\n<p><strong>Start And Go <\/strong>Rivolto a micro e piccole imprese non ancora costituite o costituite da non pi\u00f9 di 12 mesi. Settori: industria, artigianato, turismo, commercio, sociale, servizi, cultura e creativit\u00e0, agroindustria, ITC, altro. <a href=\"http:\/\/regione.basilicata.it\/grow\/\" target=\"_blank\" rel=\"noreferrer noopener\">Info<\/a><\/p>\n\n\n\n<p><strong>Go And Grow <\/strong>Rivolto a micro, piccole e medie imprese costituite da pi\u00f9 di 12 mesi e da non pi\u00f9 di 60 mesi. Settori: industria, artigianato, turismo, commercio, sociale, servizi, cultura e creativit\u00e0, agroindustria, ITC, altro<br><a href=\"http:\/\/regione.basilicata.it\/grow\/\" target=\"_blank\" rel=\"noreferrer noopener\">Info<\/a><\/p>\n\n\n\n<p><strong>Liberi Professionisti &#8211; Start And Grow <\/strong>Rivolto a liberi professionisti, associazioni e societ\u00e0 di professionisti mono\/plurisettoriali con partita IVA aperta da non pi\u00f9 di 60 mesi e aspiranti professionisti (ancora senza partita IVA) e societ\u00e0 di professionisti mono\/ plurisettoriali costituende (libere professioni ordinistiche e non ordinistiche)<br><a href=\"http:\/\/regione.basilicata.it\" target=\"_blank\" rel=\"noreferrer noopener\">Info<\/a><\/p>\n\n\n\n<p>Il bando \u201cCreOpportunit\u00e0\u201d \u00e8 gestito interamente dalla Regione Basilicata e prevede quattro diverse finestre intermedie di valutazione delle domande di sostegno da parte delle imprese locali.<br>Il Comune di Potenza ha aderito al bando regionale \u201cCreOpportunit\u00e0\u201d, finanziando tale iniziativa con una quota pari a 2.500.000 \u20ac del complesso di risorse destinate dal PO FESR Basilicata 2014-2020 all\u2019Investimento Territoriale Integrato della Citt\u00e0 di Potenza, destinando alle imprese localizzate nel territorio di Potenza la riserva finanziaria aggiuntiva, da collocare sulle valutazioni intermedie n. 2, 3 e 4.<\/p>\n\n\n\n<p><strong>II Valutazione intermedia <\/strong>Il periodo di tempo per la presentazione delle richieste di aiuto per la seconda valutazione intermedia \u00e8 scaduto in data 30 giugno 2017.<br>Ad esito della procedura di valutazione sulla 2<sup>a<\/sup> finestra del pacchetto \u201cCreOpprotunit\u00e0\u201d, a valere sui fondi destinati dall\u2019Accordo di Programma per l\u2019Attuazione dell\u2019ITI Sviluppo Urbano Citt\u00e0 di Potenza sono state finanziate 25 imprese operanti nella citt\u00e0 di Potenza, per l\u2019importo totale di 1.430.000 \u20ac, in aggiunta a quelle che hanno comunque ottenuto i contributi grazie alle risorse a valere sulla quota regionale di finanziamento del bando.<\/p>\n\n\n\n<p>Il finanziamento riguarda:<\/p>\n\n\n\n<ul class=\"wp-block-list\"><li><strong>20 nuove micro e piccole imprese non ancora costituite o costituite da non pi\u00f9 di 12 mesi,<\/strong> per un volume di investimento per progetti di impresa pari ad oltre due milioni e mezzo di euro;<\/li><li><strong>5 micro, piccole e medie imprese costituite da pi\u00f9 di 12 mesi e da non pi\u00f9 di 60 mesi<\/strong>, per un volume di investimento di poco meno di mezzo milione di euro.<\/li><li>Per le <strong>richieste presentate dai liberi professionisti<\/strong> non si \u00e8 fatto ricorso alla riserva finanziaria per la citt\u00e0 di Potenza, essendo le istanze tutte rientranti nella dotazione regionale.<\/li><\/ul>\n\n\n\n<p>Gli elenchi delle aziende che hanno ottenuto il finanziamento \u00e8 consultabile qui:<br><a href=\"http:\/\/www.regione.basilicata.it\/giuntacma\/files\/docs\/DOCUMENT_FILE_3034195.pdf\" target=\"_blank\" rel=\"noreferrer noopener\">Start and Go<\/a><br><a href=\"http:\/\/www.regione.basilicata.it\/giunta\/files\/docs\/DOCUMENT_FILE_3033624.pdf\" target=\"_blank\" rel=\"noreferrer noopener\">Go and Grow<\/a><\/p>\n\n\n\n<p><strong>III Valutazione intermedia <\/strong>Fino al <strong>30 novembre 2017 <\/strong>prossimo sono aperti i termini per la presentazione delle domande di sostegno a valere sulla 3<sup>a<\/sup> finestra di valutazione intermedia, che dispone di una dotazione di riserva finanziaria aggiuntiva per la citt\u00e0 di Potenza pari a 740.000 \u20ac.<\/p>\n\n\n\n<p><strong>IV Valutazione <\/strong>La scadenza prevista dell\u2019ultima finestra di valutazione \u00e8 il <strong>28 febbraio 2018<\/strong>, con una dotazione finanziaria aggiuntiva per la citt\u00e0 di Potenza di 330.000 \u20ac.<\/p>\n\n\n\n<p><strong>Per maggiori informazioni e per partecipare <\/strong><a href=\"http:\/\/www.regione.basilicata.it\/giunta\/site\/giunta\/department.jsp?dep=100055&amp;area=3020273&amp;level=1\" target=\"_blank\" rel=\"noreferrer noopener\">Start and Go<\/a><br><a href=\"http:\/\/www.regione.basilicata.it\/giunta\/site\/giunta\/department.jsp?dep=100055&amp;area=3020207&amp;level=0\" target=\"_blank\" rel=\"noreferrer noopener\">Go and Grow<\/a><br><a href=\"http:\/\/www.regione.basilicata.it\/giunta\/site\/giunta\/department.jsp?dep=100055&amp;area=3020202&amp;level=1\" target=\"_blank\" rel=\"noreferrer noopener\">Liberi professionisti \u2013 Start and Grow<\/a><\/p>\n","protected":false},"excerpt":{"rendered":"<p>Il Pacchetto regionale CreOpportunit\u00e0&nbsp;&nbsp;ha la finalit\u00e0 di favorire e stimolare l\u2019imprenditorialit\u00e0 lucana mediante il sostegno all\u2019avvio ed allo sviluppo di nuove iniziative imprenditoriali nei settori &#8230; <\/p>\n","protected":false},"author":2,"featured_media":0,"parent":0,"menu_order":0,"comment_status":"closed","ping_status":"closed","template":"","meta":{"footnotes":""},"class_list":["post-24149","page","type-page","status-publish","hentry"],"_links":{"self":[{"href":"https:\/\/archivio.comune.potenza.it\/index.php?rest_route=\/wp\/v2\/pages\/24149"}],"collection":[{"href":"https:\/\/archivio.comune.potenza.it\/index.php?rest_route=\/wp\/v2\/pages"}],"about":[{"href":"https:\/\/archivio.comune.potenza.it\/index.php?rest_route=\/wp\/v2\/types\/page"}],"author":[{"embeddable":true,"href":"https:\/\/archivio.comune.potenza.it\/index.php?rest_route=\/wp\/v2\/users\/2"}],"replies":[{"embeddable":true,"href":"https:\/\/archivio.comune.potenza.it\/index.php?rest_route=%2Fwp%2Fv2%2Fcomments&post=24149"}],"version-history":[{"count":0,"href":"https:\/\/archivio.comune.potenza.it\/index.php?rest_route=\/wp\/v2\/pages\/24149\/revisions"}],"wp:attachment":[{"href":"https:\/\/archivio.comune.potenza.it\/index.php?rest_route=%2Fwp%2Fv2%2Fmedia&parent=24149"}],"curies":[{"name":"wp","href":"https:\/\/api.w.org\/{rel}","templated":true}]}}