{"id":27660,"date":"2018-06-07T14:11:25","date_gmt":"2018-06-07T12:11:25","guid":{"rendered":"http:\/\/archivio.comune.potenza.it\/?page_id=27660"},"modified":"2021-12-16T11:56:41","modified_gmt":"2021-12-16T10:56:41","slug":"comitato-accessibilita","status":"publish","type":"page","link":"https:\/\/archivio.comune.potenza.it\/?page_id=27660","title":{"rendered":"Comitato accessibilit\u00e0"},"content":{"rendered":"\n<p>Convocazioni Comitato<\/p>\n\n\n\n<p><a href=\"https:\/\/archivio.comune.potenza.it\/wp-content\/uploads\/2019\/05\/convocazione_16mag19.pdf\">16 maggio 2019<\/a> <\/p>\n\n\n\n<p><a href=\"https:\/\/archivio.comune.potenza.it\/wp-content\/uploads\/2019\/03\/convocazione_4apr19.pdf\">4 aprile 2019<\/a><a href=\"https:\/\/archivio.comune.potenza.it\/wp-content\/uploads\/2019\/02\/convocazione_14mar19.pdf\"> <\/a><\/p>\n\n\n\n<p><a href=\"https:\/\/archivio.comune.potenza.it\/wp-content\/uploads\/2019\/02\/convocazione_14mar19.pdf\">14 marzo 2019<\/a> <\/p>\n\n\n\n<p><a href=\"hhttps:\/\/archivio.comune.potenza.it\/wp-content\/uploads\/2018\/11\/comitato_convocazione_29nov18.pdf\">29 novembre 2018<\/a> <\/p>\n\n\n\n<p><a href=\"https:\/\/archivio.comune.potenza.it\/wp-content\/uploads\/2018\/10\/comitato_convocazione_6nov18.pdf\">6 novembre 2018<\/a> <\/p>\n\n\n\n<p><a href=\"https:\/\/archivio.comune.potenza.it\/wp-content\/uploads\/2018\/07\/comitato_convocazione_17lug18.pdf\">17 luglio 2018<\/a><a href=\"https:\/\/archivio.comune.potenza.it\/wp-content\/uploads\/2018\/10\/comitato_convocazione_6nov18.pdf\"> <\/a><\/p>\n\n\n\n<p><a href=\"https:\/\/archivio.comune.potenza.it\/wp-content\/uploads\/2018\/07\/comitato_convocazione_26giu18.pdf\">26 giugno 2018<\/a> <\/p>\n\n\n\n<p><a href=\"https:\/\/archivio.comune.potenza.it\/wp-content\/uploads\/2018\/06\/Convocazione-Comitato-accessibilit\u00e0-1.pdf\">Insediamento Comitato accessibilit\u00e0 <\/a><\/p>\n\n\n\n<p><\/p>\n\n\n\n<p><strong>Cosa \u00e8&nbsp;<\/strong><br>Il \u201cComitato consultivo&nbsp;in materia di miglioramento della qualit\u00e0 dell\u2019ambiente urbano in termini di accessibilit\u00e0, sicurezza d\u2019uso e comunicativit\u00e0\u201d &nbsp;\u00e8 uno strumento &nbsp;di partecipazione di Istituzioni e &nbsp;Cittadini alla gestione pubblica e di indirizzo per l&#8217;Amministrazione Comunale &nbsp;sulle tematiche delle barriere, architettoniche e percettive, della promozione e &nbsp;sviluppo della cultura dell\u2019accessibilit\u00e0, &nbsp;del benessere ambientale e &nbsp;delle pari opportunit\u00e0 per tutti. Il Consiglio Comunale con<a href=\"https:\/\/archivio.comune.potenza.it\/wp-content\/uploads\/2019\/02\/25.pdf\"> Delibera &nbsp;n. 25&nbsp;&nbsp;del&nbsp; 20\/03\/2017<\/a> ha istituito il comitato e&nbsp; approvato il regolamento; &nbsp;con&nbsp;<a href=\"https:\/\/archivio.comune.potenza.it\/wp-content\/uploads\/2019\/02\/det.-66-2018.pdf\">Determina Dirigenziale n. 66 del 6 marzo 2018<\/a> \u00e8 stato formalmente costituito.<br><a href=\"https:\/\/archivio.comune.potenza.it\/wp-content\/uploads\/2018\/06\/Regolamento_Comitato_accessibilit\u00e0.pdf\" target=\"_blank\" rel=\"noreferrer noopener\">Regolamento comitato consultivo<\/a><\/p>\n\n\n\n<p><strong>Cosa fa<\/strong><br>Il Comitato esprime:<\/p>\n\n\n\n<ul class=\"wp-block-list\"><li>parere obbligatorio non vincolante sulla conformit\u00e0 all\u2019assenza di barriere per tutti gli interventi di programmazione e progettazione per spazi pubblici o privati aperti al pubblico in ambito comunale comunque finanziati con risorse pubbliche;<\/li><li>pareri preventivi, a richiesta o su propria iniziativa, su atti comunali;<br>proposte agli organi e uffici comunali per l\u2019adozione di atti;<br>proposte per l\u2019istituzione, gestione e fruizione di beni e servizi comunali.<\/li><\/ul>\n\n\n\n<p>Gli obiettivi del Comitato sono:<\/p>\n\n\n\n<ul class=\"wp-block-list\"><li>&nbsp;incentivare la predisposizione del PEBA (Piano di Eliminazione delle Barriere Architettoniche), in modo che, a regime, si potr\u00e0 disporre di un quaderno informativo tecnico che individui le soluzioni tecniche pi\u00f9 efficaci a definire un linguaggio il pi\u00f9 univoco possibile nelle scelte progettuali e nella successiva realizzazione di opere accessibili a tutti;<\/li><li>armonizzare le attivit\u00e0 di programmazione e progettazione per l\u2019attivazione di procedure destinate ad interventi per l\u2019eliminazione di ostacoli e barriere;<\/li><li>promuovere strategie di sensibilizzazione;<\/li><li>facilitare lo scambio di \u201cbuone prassi\u201d e la circolazione del know how specifico.<\/li><\/ul>\n\n\n\n<p><strong>Da chi \u00e8 composto<\/strong><br>Il Comitato \u00e8 composto dai seguenti membri:<br><strong>Geom. Concetta Anna Perrotta<\/strong>, Collegio Geometri e Geometri laureati prov. Potenza<br><strong>Simon laurenzana<\/strong>,&nbsp; CiclOstile FIAB Potenza<br><strong>Geom. Gianfilippo Iannarelli<\/strong>, Azienda Sanitaria Locale Potenza<br><strong>Arch. Alfredo Parisi<\/strong>, Ordine Architetti Pianificatori Paesaggisti Conservatori prov.&nbsp; Potenza<br><strong>Avv. Cosimo Lovelli<\/strong>, &nbsp;F.A.N.D. &#8211; Federazione Associazioni Nazionali Disabili<br><strong>Carmela De Vivo<\/strong>, F.I.S.H.-Onlus Federazione Italiana Superamento Handicap<br><strong>Lucia Restaino,<\/strong>&nbsp; Associazione WWF Potenza<br><strong>Arch.&nbsp; Daniela Galasso<\/strong>, Unione Italiana Ciechi e Ipovedenti &#8211; &nbsp;Sezione prov. di Potenza<br><strong>Ing. Beniamino Murgante<\/strong>, Universit\u00e0 degli Studi della Basilicata<br><strong>Dott.ssa Benedetta Rago<\/strong>,&nbsp; Ordine dei Dottori Agronomi e Forestali prov. Potenza<br><strong>Arch. Fedele Zaccara<\/strong>, Gruppo locale Urbact Centro Storico Potenza<br><strong>Don Francesco Corbo<\/strong>, Associazione Solidariet\u00e0 di Potenza<br><strong>Antonio Graziadei<\/strong>, Associazione Paesaggi Meridiani&nbsp;&nbsp; di Potenza<br><strong>Ing Catiana Calcagno<\/strong>, Ordine degli Ingegneri prov. Potenza<\/p>\n\n\n\n<p>Il 17 maggio il Comitato Accessibilit\u00e0 si \u00e8 insediato ed ha eletto il direttivo che risulta cos\u00ec composto:Daniela Galasso: presidente; &nbsp;Fedele Zaccara, &nbsp;vicepresidente e Carmela De Vivo, segretario.<\/p>\n\n\n\n<p><strong>Contatti<\/strong><br><strong>E-mail Presidente<\/strong>: pz.comitatoacceessibilita@gmail.com<br>Ufficio Relazioni con il Pubblico, Piazza Matteotti &#8211; Potenza<br>Tel. 0971 415044 &#8211; 049<br>e-mail: urp@comune.potenza.it<a href=\"https:\/\/archivio.comune.potenza.it\/wp-content\/uploads\/2018\/10\/comitato_convocazione_6nov18.pdf\"><\/a><\/p>\n","protected":false},"excerpt":{"rendered":"<p>Convocazioni Comitato 16 maggio 2019 4 aprile 2019 14 marzo 2019 29 novembre 2018 6 novembre 2018 17 luglio 2018 26 giugno 2018 Insediamento Comitato &#8230; <\/p>\n","protected":false},"author":2,"featured_media":0,"parent":0,"menu_order":0,"comment_status":"closed","ping_status":"closed","template":"","meta":{"footnotes":""},"class_list":["post-27660","page","type-page","status-publish","hentry"],"_links":{"self":[{"href":"https:\/\/archivio.comune.potenza.it\/index.php?rest_route=\/wp\/v2\/pages\/27660"}],"collection":[{"href":"https:\/\/archivio.comune.potenza.it\/index.php?rest_route=\/wp\/v2\/pages"}],"about":[{"href":"https:\/\/archivio.comune.potenza.it\/index.php?rest_route=\/wp\/v2\/types\/page"}],"author":[{"embeddable":true,"href":"https:\/\/archivio.comune.potenza.it\/index.php?rest_route=\/wp\/v2\/users\/2"}],"replies":[{"embeddable":true,"href":"https:\/\/archivio.comune.potenza.it\/index.php?rest_route=%2Fwp%2Fv2%2Fcomments&post=27660"}],"version-history":[{"count":0,"href":"https:\/\/archivio.comune.potenza.it\/index.php?rest_route=\/wp\/v2\/pages\/27660\/revisions"}],"wp:attachment":[{"href":"https:\/\/archivio.comune.potenza.it\/index.php?rest_route=%2Fwp%2Fv2%2Fmedia&parent=27660"}],"curies":[{"name":"wp","href":"https:\/\/api.w.org\/{rel}","templated":true}]}}