{"id":44897,"date":"2021-08-13T09:41:35","date_gmt":"2021-08-13T07:41:35","guid":{"rendered":"http:\/\/archivio.comune.potenza.it\/?page_id=44897"},"modified":"2021-12-20T12:06:40","modified_gmt":"2021-12-20T11:06:40","slug":"il-progetto","status":"publish","type":"page","link":"https:\/\/archivio.comune.potenza.it\/?page_id=44897","title":{"rendered":"Il progetto"},"content":{"rendered":"\n<p>Nell\u2019ambito della programmazione comunitaria 2014-2020 il <strong>PON Inclusione, <\/strong>cofinanziato dal Fondo Sociale Europeo, propone misure e servizi innovativi contro la povert\u00e0 e la marginalit\u00e0 sociale.<br>Autorit\u00e0 di Gestione del PON Inclusione \u00e8 la Direzione Generale per la lotta alla povert\u00e0 e la programmazione sociale del Ministero del lavoro e delle Politiche Sociali.<br>Con il <strong>Programma Operativo Nazionale (PON) Inclusione 2014-2020<\/strong>, per la prima volta i fondi strutturali intervengono a supporto delle politiche di inclusione sociale. La condizione di esclusione sociale e\/o di marginalit\u00e0 sociale ha carattere multidimensionale, non ascrivibile soltanto ad una condizione lavorativa ma anche a fragilit\u00e0 familiare, relazionale e sociale, a carenze culturali e formative, allo stato di salute fisica e psichica, alla precariet\u00e0 della condizione abitativa, alla difficolt\u00e0 di accesso alle opportunit\u00e0 e ai servizi, alla marginalit\u00e0 sociale. Stante questa caratteristica la condizione di esclusione sociale implica lo sviluppo di interventi di rete in grado di corrispondere alle caratteristiche del fenomeno, in una logica di integrazione e di potenziamento complessivo del sistema territoriale.<\/p>\n\n\n\n<p>Il Programma ha l&#8217;obiettivo di <strong>creare un modello di welfare basato sull&#8217;inclusione attiva<\/strong>, rafforzando i sistemi integrati di intervento sociale volti prevalentemente a favorire l\u2019inclusione sociale di utenti REI e RdC.<\/p>\n\n\n\n<p>Al fine di promuovere il ruolo attivo dei beneficiari, intesi come attori positivi della propria vita e della comunit\u00e0, il progetto riguarda in particolare:<\/p>\n\n\n\n<ul class=\"wp-block-list\"><li>il consolidamento e valorizzazione delle esperienze realizzate nel territorio nell\u2019ambito degli interventi di contrasto alla povert\u00e0 e all\u2019esclusione sociale,<\/li><li>la promozione di strumenti di aggregazione organizzativa e gestionale,<\/li><li>la sperimentazione di un intervento di rete mirato ad innalzare le potenzialit\u00e0 di inserimento sociale e lavorativo di soggetti in condizione di svantaggio,<\/li><li>la realizzazione di un sistema integrato di analisi permanente e monitoraggio dello svantaggio tra gli attori del territorio.<br>Nel 2017 l\u2019Ambito della Citt\u00e0 di Potenzaha candidato il progetto PON INCLUSIONE &#8211; Ambito citt\u00e0 di Potenza risultato meritevole di finanziamento giusto Decreto Direttoriale n.239 del 28\/06\/2017. Le azioni progettuali previste, in sintesi, sono state:<\/li><\/ul>\n\n\n\n<ol class=\"wp-block-list\"><li>rafforzamento del servizio sociale e istituzione del servizio di segretariato sociale professionale attraverso l\u2019assunzione di n. 6 assistenti sociali. Tali figure sono state integrate dalla figura dell\u2019educatore professionale (figura nuova nel servizio sociale comunale), dello psicologo e dell\u2019amministrativo.<\/li><li>Formazione del personale interno attraverso un percorso di supervisione professionale, che \u00e8 stato condotto per un anno dal Cesdiss di Bologna. La complessit\u00e0 dei bisogni, che si rilevavano nei nuclei beneficiari delle misure SIA\/Rei\/RdC, per lo pi\u00f9 sconosciuti al servizio sociale comunale, associati alla riorganizzazione del servizio stesso, hanno determinato la necessit\u00e0 di sostenere il gruppo professionale degli assistenti sociali.<\/li><li>Percorso di coprogettazione con soggetti del Terzo settore per la realizzazione dei seguenti interventi:<br>a) azioni di accompagnamento socio-educativo per adulti;<br>b) servizi educativi extrascolastici;<br>c) azioni sperimentali a supporto dell\u2019inclusione sociale;<br>d) creazioni di partnership tra soggetti, che si occupano del contrasto alla povert\u00e0<\/li><li>Servizio di accompagnamento lavorativo per la realizzazione di tirocini di inclusione sociale<\/li><\/ol>\n\n\n\n<p>Ciascuna delle predette azioni progettuali si \u00e8 caratterizzata per il suo carattere di innovazione. Tra tutte, particolarmente significativa \u00e8 stata la scelta di sperimentare lo strumento collaborativo della coprogettazione con il Terzo Settore, accettandone le opportunit\u00e0, ma anche i rischi e le difficolt\u00e0 insite in processi non definiti.<br>La sperimentazione della coprogettazione \u00e8 stata realizzata, infatti, oltre che all\u2019interno di un contesto normativo non consolidato, anche all\u2019interno di un contesto territoriale, non solo locale, ma anche regionale, in cui non si aveva una prassi avviata di coprogettazione in materia di servizi sociali. I bisogni emergenti, tuttavia, ponevano la necessit\u00e0 di ripensare le risposte, di individuare nuove risposte, di valorizzare le risorse presenti nel territorio cittadino, di operare in un\u2019ottica di \u201ccambiamento\u201d, culturale ed amministrativo, sollecitando lo sviluppo di un sistema di collaborazione e di corresponsabilit\u00e0 tra i diversi soggetti.<\/p>\n","protected":false},"excerpt":{"rendered":"<p>Nell\u2019ambito della programmazione comunitaria 2014-2020 il PON Inclusione, cofinanziato dal Fondo Sociale Europeo, propone misure e servizi innovativi contro la povert\u00e0 e la marginalit\u00e0 sociale.Autorit\u00e0 &#8230; <\/p>\n","protected":false},"author":2,"featured_media":0,"parent":0,"menu_order":0,"comment_status":"closed","ping_status":"closed","template":"","meta":{"footnotes":""},"class_list":["post-44897","page","type-page","status-publish","hentry"],"_links":{"self":[{"href":"https:\/\/archivio.comune.potenza.it\/index.php?rest_route=\/wp\/v2\/pages\/44897"}],"collection":[{"href":"https:\/\/archivio.comune.potenza.it\/index.php?rest_route=\/wp\/v2\/pages"}],"about":[{"href":"https:\/\/archivio.comune.potenza.it\/index.php?rest_route=\/wp\/v2\/types\/page"}],"author":[{"embeddable":true,"href":"https:\/\/archivio.comune.potenza.it\/index.php?rest_route=\/wp\/v2\/users\/2"}],"replies":[{"embeddable":true,"href":"https:\/\/archivio.comune.potenza.it\/index.php?rest_route=%2Fwp%2Fv2%2Fcomments&post=44897"}],"version-history":[{"count":0,"href":"https:\/\/archivio.comune.potenza.it\/index.php?rest_route=\/wp\/v2\/pages\/44897\/revisions"}],"wp:attachment":[{"href":"https:\/\/archivio.comune.potenza.it\/index.php?rest_route=%2Fwp%2Fv2%2Fmedia&parent=44897"}],"curies":[{"name":"wp","href":"https:\/\/api.w.org\/{rel}","templated":true}]}}