{"id":44913,"date":"2021-08-13T10:56:12","date_gmt":"2021-08-13T08:56:12","guid":{"rendered":"http:\/\/archivio.comune.potenza.it\/?page_id=44913"},"modified":"2021-12-20T12:11:54","modified_gmt":"2021-12-20T11:11:54","slug":"a-chi-si-rivolge-2-2","status":"publish","type":"page","link":"https:\/\/archivio.comune.potenza.it\/?page_id=44913","title":{"rendered":"Documenti"},"content":{"rendered":"\n<p>Le Porte Sociali&nbsp;aperte alla cittadinanza sono cos\u00ec ubicate:<br>Porta Sociale Potenza Nord Ovest: AppStart ONLUS c\/o Punto Luce, Piazza Don Pinuccio Lattuchella s.n.c. tel. 0971 \u2013 1800274<br>Porta Sociale Potenza Sud: SI.S.S.I. c\/o Associazione Insieme ONLUS Viale del Basento, 102 tel. 0971 \u2013 1800833<br>Porta Sociale Nord Est: Cooperativa Pegaso c\/o Forcopim&nbsp;Via Sicilia, 65 tel. 0971 \u2013 34692<br>Porta Sociale Potenza Centro: Consorzio CS c\/o Cooperativa Centostrade<br>Via Iosa, 11 tel. 0971 \u2013 471885<\/p>\n\n\n\n<ul class=\"wp-block-list\"><li><a href=\"http:\/\/www.lavoro.gov.it\/temi-e-priorita\/europa-e-fondi-europei\/focus-on\/pon-Inclusione\/Pagine\/default.aspx\">Informazioni e documenti in evidenza estratti dal sito Ministero del Lavoro e delle politiche sociali.<\/a> <a href=\"http:\/\/www.lavoro.gov.it\/temi-e-priorita\/europa-e-fondi-europei\/focus-on\/pon-Inclusione\/Pagine\/default.aspx\">&nbsp;PON Inclusione 2014-2020<\/a><\/li><li><a href=\"http:\/\/www.lavoro.gov.it\/Amministrazione-Trasparente\/Bandi-gara-e-contratti\/Documents\/Avviso-Pubblico-3.2016-PON-Inclusione.pdf\">Avviso 3\/2016<\/a><\/li><li><a href=\"http:\/\/www.lavoro.gov.it\/temi-e-priorita\/poverta-ed-esclusione-sociale\/focus-on\/Reddito-di-Inclusione-ReI\/Documents\/REI-presentazione-novembre-2017.pdf\">Sintesi REI<\/a><\/li><\/ul>\n\n\n\n<p><strong>RIFERIMENTI NORMATIVI:<\/strong><\/p>\n\n\n\n<ul class=\"wp-block-list\"><li>Regolamento (UE) n. 1303\/2013 del Parlamento Europeo e del Consiglio del 17 dicembre 2013, recante disposizioni comuni sul Fondo europeo di sviluppo regionale, sul Fondo sociale europeo, sul 6 Fondo di coesione, sul Fondo europeo agricolo per lo sviluppo rurale e sul Fondo europeo per gli affari marittimi e la pesca e disposizioni generali sul Fondo europeo di sviluppo regionale, sul Fondo sociale europeo, sul Fondo di coesione e sul Fondo europeo per gli affari marittimi e la pesca, e che abroga il Regolamento (CE) n. 1083\/2006 del Consiglio e suoi regolamenti attuativi e di esecuzione;<\/li><li>Regolamento (UE) n. 1304\/2013 del Parlamento Europeo e del Consiglio del 17 dicembre 2013 relativo al Fondo sociale europeo e che abroga il regolamento (CE) n. 1081\/2006 del Consiglio e suoi regolamenti attuativi e di esecuzione;<\/li><li>Regolamento di esecuzione (UE) n. 288\/2014 della Commissione del 25 febbraio 2014, recante modalit\u00e0 di applicazione del regolamento (UE) n. 1303\/2013;<\/li><li>Regolamento di esecuzione (UE) n. 215\/2014 della Commissione del 7 marzo 2014 che stabilisce norme di attuazione del regolamento (UE) n. 1303\/2013 del Parlamento europeo e del Consiglio, recante disposizioni comuni sul Fondo europeo di sviluppo regionale, sul Fondo sociale europeo, sul Fondo di coesione, sul Fondo europeo agricolo per lo sviluppo rurale e sul Fondo europeo per gli affari marittimi e la pesca e disposizioni generali;<\/li><li>Regolamento delegato (UE) n. 480\/2014 della Commissione del 3 marzo 2014 che integra il regolamento (UE) n. 1303\/2013;<\/li><li>Regolamento (UE) n. 651\/2014 della Commissione del 17 giugno 2014 che dichiara alcune categorie di aiuti compatibili con il mercato interno in applicazione degli articoli 107 e 108 del trattato (Regolamento generale di esenzione per categoria);<\/li><li>Regolamento delegato (UE) n. 1042\/2014 della Commissione, del 25 luglio 2014, che integra il Regolamento (UE) n. 514\/2014 per quanto riguarda la designazione e le responsabilit\u00e0 di gestione e di controllo delle autorit\u00e0 responsabili e lo status e gli obblighi delle autorit\u00e0 di audit; &#8211; Regolamenti delegati (UE) n. 1048\/2014 e 1049\/2014 del 30 luglio 2014 della Commissione in tema di comunicazione, pubblicit\u00e0 e diffusione delle informazioni;<\/li><li>Regolamento delegato (UE) 2017\/2016 della Commissione del 29 agosto 2017 recante modifica del regolamento delegato (UE) 2015\/2195 della Commissione che integra il regolamento (UE) n. 1304\/2013 del Parlamento europeo e del Consiglio relativo al Fondo sociale europeo, per quanto riguarda la definizione di tabelle standard di costi unitari e di importi forfettari per il rimborso da parte della Commissione agli Stati membri delle spese sostenute;<\/li><li>Regolamento delegato (UE) n. 90\/2017 della Commissione del 31 ottobre 2016, recante modifica del Regolamento delegato (UE) 2015\/2195 che integra il Regolamento (UE) n. 1304\/2013 del Parlamento Europeo e del Consiglio relativo al Fondo Sociale Europeo, per quanto riguarda la definizione di tabelle standard di costi unitari e di importi forfettari per il rimborso da parte della Commissione agli Stati Membri delle spese sostenute;<\/li><li>Regolamento delegato (UE) 2017\/2016 della Commissione del 29 agosto 2017 recante modifica del regolamento delegato (UE) 2015\/2195 della Commissione che integra il regolamento (UE) n. 1304\/2013 del Parlamento europeo e del Consiglio relativo al Fondo sociale europeo, per quanto riguarda la definizione di tabelle standard di costi unitari e di importi forfettari per il rimborso da parte della Commissione agli Stati membri delle spese sostenute;<\/li><li>Regolamento (UE, Euratom) n. 1046\/2018 del Parlamento europeo e del Consiglio del 18 luglio 2018, che stabilisce le regole finanziarie applicabili al bilancio generale dell\u2019Unione, che modifica i regolamenti (UE) n. 1296\/2013, (UE) n. 1301\/2013, (UE) n. 1303\/2013, (UE) n. 1304\/2013, (UE) n. 1309\/2013, (UE) n. 1316\/2013, (UE) n. 223\/2014, (UE) n. 283\/2014 e la decisione n. 541\/2014\/UE e abroga il regolamento (UE, Euratom) n. 966\/2012;<\/li><li>Accordo di Partenariato relativo al ciclo di programmazione dei Fondi UE 2014-2020, adottato dalla Commissione europea con Decisione del 29 ottobre 2014, come modificato l\u20198 febbraio 2018;<\/li><li>Programma Operativo Nazionale (PON) \u201cInclusione\u201d, approvato con Decisione della Commissione C (2014) 10130 del 17 dicembre 2014, riprogrammato con successiva Decisione C (2017) n. 8881 del 7 15 dicembre 2017, con Decisione C (2018) n. 8586 del 6 dicembre 2018 e da ultimo con Decisione C (2019) n. 5237 dell\u201911 luglio 2019 a titolarit\u00e0 del Ministero del Lavoro e delle Politiche Sociali &#8211; Direzione Generale per la lotta alla povert\u00e0 e per la programmazione sociale;<\/li><li>SI.GE.CO. &#8211; Sistema di Gestione e Controllo &#8211; del PON Inclusione nella Versione 5.0 del 24 aprile 2019 e s.m.i.; &#8211; Manuale delle procedure dell\u2019Autorit\u00e0 di Gestione e dell\u2019Organismo Intermedio nella Versione 4.0 del 19 aprile 2019 e s.m.i.;<\/li><li>Manuale per i Beneficiari PON Inclusione 2014\/2020 &#8211; Versione 10 novembre 2017 e s.m.i.;<\/li><li>Avviso n. 3\/2016 del 3 agosto 2016 relativo alla presentazione di progetti da finanziare a valere sul Fondo Sociale Europeo, programmazione 2014-2020, Programma Operativo Nazionale (PON) Inclusione per l\u2019attuazione del Sostegno per l\u2019inclusione attiva;<\/li><li>Decreto Direttoriale n. 406 del 01\/08\/2018 e successivo Decreto n. 319 del 17\/09\/2019 con cui vengono adottate le UCS &#8211; Unit\u00e0 di costo Standard, ovvero le opzioni di semplificazioni per la rendicontazione dei costi del personale al FSE di cui all\u2019art. 67.1 (b) del Regolamento (UE) n. 1303\/2013;<\/li><li>Legge 28 dicembre 2015, n. 208 &#8211; Legge di stabilit\u00e0 2016, con particolare riferimento all\u2019articolo 1, comma 386, il quale prevede l\u2019istituzione presso il Ministero del Lavoro e delle Politiche Sociali di un fondo denominato \u201cFondo per la lotta alla povert\u00e0 e all&#8217;esclusione sociale\u201d;<\/li><li>Decreto 26 maggio 2016 del Ministro del Lavoro e delle Politiche Sociali di concerto con il Ministro dell\u2019Economia e delle Finanze, concernente l\u2019avvio sull\u2019intero territorio nazionale del Sostegno per l\u2019Inclusione Attiva &#8211; SIA;<\/li><li>Accordo in Conferenza Stato Regioni e Unificata dell\u201911 febbraio 2016 sul documento recante \u201cLinee guida per la predisposizione e attuazione dei progetti di presa in carico del Sostegno per l\u2019inclusione attiva\u201d;<\/li><li>Decreto del Presidente della Repubblica n. 568\/88 del 29 dicembre 1988 e s.m.i. che regolamenta l\u2019organizzazione e le procedure amministrative del Fondo di rotazione per l\u2019attuazione delle politiche comunitarie e s.m.i.;<\/li><li>Circolare n. 2 del Ministero del Lavoro e delle Politiche Sociali del 2 febbraio 2009, GU n. 117 del 22 maggio 2009, relativa a \u201cTipologia dei soggetti promotori, ammissibilit\u00e0 delle spese e massimali di costo per le attivit\u00e0 rendicontate a costi reali cofinanziate dal Fondo sociale europeo 2007-2013 nell\u2019ambito dei Programmi Operativi Nazionali (P.O.N)\u201d;<\/li><li>Decreto del Presidente della Repubblica n. 22 del 5 febbraio 2018 \u201cRegolamento recante i criteri sull\u2019ammissibilit\u00e0 delle spese per i programmi cofinanziati dai Fondi Strutturali di investimento europei (SIE) per il periodo di programmazione 2014\/2020\u201d;<\/li><li>Circolare del Ministero del Lavoro e delle Politiche Sociali del 7 dicembre 2010, n. 40 &#8211; Costi Ammissibili per Enti in house nell\u2019ambito FSE;<\/li><li>Linee Guida per le azioni di comunicazione contenenti le indicazioni operative per le azioni di informazione e pubblicit\u00e0 degli interventi finanziati con il Programma Operativo Nazionale (PON) Inclusione 2014-2020 (Versione Maggio 2017);<\/li><li>Legge 7 agosto 1990, n. 241 recante \u201cNuove norme sul procedimento amministrativo\u201d e s.m.i;<\/li><li>Decreto Legislativo 30 marzo 2001 n. 165 recante \u201cNorme generali sull\u2019ordinamento del lavoro alle dipendenze delle amministrazioni pubbliche\u201d e s.m.i.;<\/li><li>Decreto Legislativo 10 settembre 2003, n. 276 \u201cAttuazione delle deleghe in materia di occupazione e mercato del lavoro, di cui alla legge 14 febbraio 2003, n. 30\u201d;<\/li><li>Decreto legislativo 30 giugno 2003, n. 196 \u201cCodice di protezione dei dati personali\u201d e s.m.i. integrato con le modifiche introdotte dal D.Lgs. n. 101 del 10 agosto 2018 recante \u201cDisposizioni per 8 l\u2019adeguamento della normativa nazionale alle disposizioni del Regolamento (UE) 2016\/679 del Parlamento Europeo e del Consiglio del 27 aprile 2016 relativo alla protezione delle persone fisiche con riguardo al trattamento dei dati personali, nonch\u00e9 alla libera circolazione di tali dati e che abroga la direttiva 95\/46\/CE\u201d (Regolamento generale sulla protezione dei dati);<\/li><li>Legge 13 agosto 2010, n. 136 recante \u201cPiano straordinario contro le mafie, nonch\u00e9 delega al Governo in materia di normativa antimafia\u201d e successivo Decreto Legislativo 159\/2011;<\/li><li>Legge 8 novembre 2000, n. 328 recante &#8220;Legge quadro per la realizzazione del sistema integrato di interventi e servizi sociali&#8221;- con particolare riferimento all\u2019articolo 22, relativo alla \u201cDefinizione del sistema integrato di interventi e servizi sociali\u201d e all\u2019articolo 5 \u201cruolo del terzo settore\u201d;<\/li><li>Decreto del Presidente del Consiglio dei Ministri &#8211; DPCM &#8211; 30 marzo 2001 &#8211; Atto di indirizzo e coordinamento sui sistemi di affidamento dei servizi alla persona previsti dall&#8217;art. 5 della legge 8 novembre 2000, n. 328;<\/li><li>Delibera dell\u2019Autorit\u00e0 Nazionale Anticorruzione n. 32 del 20 gennaio 2016 recante \u201cDeterminazione &#8211; Linee guida per l\u2019affidamento di servizi a enti del terzo settore e alle cooperative sociali\u201d;<\/li><li>Accordo in Conferenza Stato-Regioni del 22 gennaio 2015 sul documento recante \u201cLinee guida per i tirocini di orientamento, formazione e inserimento\/reinserimento finalizzati all\u2019inclusione sociale, all\u2019autonomia delle persone e alla riabilitazione\u201d, ai sensi dell\u2019articolo 4 del decreto legislativo 28 agosto 1997, n. 281;<\/li><li>Accordo in Conferenza Stato-Regioni del 25 maggio 2017 sul documento recante \u201cLinee guida in materia di tirocini formativi e di orientamento\u201d, ai sensi dell\u2019art. 1 della Legge 28 giugno 2012, n.92;<\/li><li>Decreto legislativo 14 settembre 2015, n. 150, recante \u201cDisposizioni per il riordino della normativa in materia di servizi per il lavoro e di politiche attive, ai sensi dell&#8217;articolo 1, comma 3, della legge 10 dicembre 2014, n. 183\u201d; &#8211; Decreto legislativo 3 luglio 2017, n. 117, che attua la delega per la riforma del terzo settore contenuta nella legge 6 giugno 2016, n. 106;<\/li><li>Decreto legislativo 15 settembre 2017, n. 147, recante \u201cDisposizioni per l&#8217;introduzione di una misura nazionale di contrasto alla povert\u00e0\u201d;<\/li><li>Decreto Legge 4\/2019, convertito con modificazioni dalla Legge 28 marzo 2019 n. 26, istitutivo del Reddito di Cittadinanza &#8211; RdC;<\/li><li>Linee guida per la definizione dei Patti per l\u2019inclusione sociale approvati in Conferenza Stato Regioni nella seduta del 27 giugno 2019.<\/li><\/ul>\n","protected":false},"excerpt":{"rendered":"<p>Le Porte Sociali&nbsp;aperte alla cittadinanza sono cos\u00ec ubicate:Porta Sociale Potenza Nord Ovest: AppStart ONLUS c\/o Punto Luce, Piazza Don Pinuccio Lattuchella s.n.c. tel. 0971 \u2013 &#8230; <\/p>\n","protected":false},"author":2,"featured_media":0,"parent":0,"menu_order":0,"comment_status":"closed","ping_status":"closed","template":"","meta":{"footnotes":""},"class_list":["post-44913","page","type-page","status-publish","hentry"],"_links":{"self":[{"href":"https:\/\/archivio.comune.potenza.it\/index.php?rest_route=\/wp\/v2\/pages\/44913"}],"collection":[{"href":"https:\/\/archivio.comune.potenza.it\/index.php?rest_route=\/wp\/v2\/pages"}],"about":[{"href":"https:\/\/archivio.comune.potenza.it\/index.php?rest_route=\/wp\/v2\/types\/page"}],"author":[{"embeddable":true,"href":"https:\/\/archivio.comune.potenza.it\/index.php?rest_route=\/wp\/v2\/users\/2"}],"replies":[{"embeddable":true,"href":"https:\/\/archivio.comune.potenza.it\/index.php?rest_route=%2Fwp%2Fv2%2Fcomments&post=44913"}],"version-history":[{"count":0,"href":"https:\/\/archivio.comune.potenza.it\/index.php?rest_route=\/wp\/v2\/pages\/44913\/revisions"}],"wp:attachment":[{"href":"https:\/\/archivio.comune.potenza.it\/index.php?rest_route=%2Fwp%2Fv2%2Fmedia&parent=44913"}],"curies":[{"name":"wp","href":"https:\/\/api.w.org\/{rel}","templated":true}]}}