{"id":61251,"date":"2024-09-12T11:40:20","date_gmt":"2024-09-12T09:40:20","guid":{"rendered":"https:\/\/archivio.comune.potenza.it\/?page_id=61251"},"modified":"2024-09-13T10:32:54","modified_gmt":"2024-09-13T08:32:54","slug":"univerita-degli-studi-della-basilicata","status":"publish","type":"page","link":"https:\/\/archivio.comune.potenza.it\/?page_id=61251","title":{"rendered":"Universit\u00e0 degli Studi della Basilicata"},"content":{"rendered":"\n<p>L\u2019Universit\u00e0 degli Studi della Basilicata ha iniziato la propria attivit\u00e0 nel 1982, nel polo del Rione Francioso, a Potenza e dieci anni dopo, nel 1992, a Matera; nel 2000 si \u00e8 ampliata inaugurando il Campus di Macchia Romana a Potenza, e, nel 2019, il Campus di Matera.<\/p>\n\n\n\n<p>L\u2019offerta formativa \u2013 calibrata, inizialmente, sulle vocazioni primarie del territorio \u2013 \u00e8 stata arricchita, nel corso degli anni, con particolare riguardo all\u2019innovazione delle metodologie di ricerca, di studio, e di apprendimento e attenzione a preservare una intensa e sistematica relazione tra docenti e studenti.<\/p>\n\n\n\n<p><strong>OFFERTA FORMATIVA<\/strong><\/p>\n\n\n\n<p>L\u2019Ateneo offre <strong>35 Corsi di Laurea<\/strong>\u2013 tra triennali, magistrali e magistrali a ciclo unico \u2013 nei seguenti \u00e0mbiti disciplinari: ingegneria, informatica, scienze agrarie, forestali, alimentari,scienze chimiche, geologiche, matematiche, biotecnologie, scienze umane e della formazione, economia, architettura<strong>, <\/strong>farmacia, medicina e chirurgia.<\/p>\n\n\n\n<p>Pi\u00f9 precisamente <strong>6<\/strong> sono i <strong>corsi ad<\/strong> <strong>accesso programmato<\/strong> per i quali \u00e8 previsto un numero di posti definito con specifici test in ingresso, secondo un calendario determinato. Si tratta delle triennali in <strong>Biotecnologie<\/strong>, <strong>Scienze dell\u2019Educazione e della Formazione<\/strong> e delle magistrali a ciclo unico in <strong>Architettura<\/strong>, <strong>Farmacia<\/strong>, <strong>Medicina e Chirurgia<\/strong>, <strong>Scienze della Formazione Primaria<\/strong>.<\/p>\n\n\n\n<p>Dall\u2019a.a. 2024-2025, inoltre, \u00e8 possibile iscriversi a un nuovo Corso di Laurea interateneo in convenzione con il Politecnico di Bari in <strong>Ingegneria della Creativit\u00e0 Digitale<\/strong>.<\/p>\n\n\n\n<p>Alle lauree triennali, magistrali e magistrali a ciclo unico si aggiungono, per il post lauream:<\/p>\n\n\n\n<p><strong>4 Master<\/strong> (2 di I livello; 2 di II livello); la<strong> Scuola di Specializzazione in Beni Archeologici <\/strong>(articolata in due indirizzi: Archeologia classica e Archeologia tardo antica e medievale); un buon numero di <strong>dottorati di ricerca<\/strong> cos\u00ec organizzati:<\/p>\n\n\n\n<p>5 Corsi con sede amministrativa nell\u2019Ateneo<\/p>\n\n\n\n<ul class=\"wp-block-list\">\n<li>Cities and landscapes: architecture, archaeology, cultural heritage, history and resources<\/li>\n\n\n\n<li>Ingegneria per l\u2019innovazione e lo sviluppo sostenibile<\/li>\n<\/ul>\n\n\n\n<ul class=\"wp-block-list\">\n<li>Scienze<\/li>\n\n\n\n<li>Scienze agrarie, forestali e degli alimenti \/ Agricultural, forest and food sciences<\/li>\n\n\n\n<li>Storia, culture e saperi dell\u2019Europa mediterranea dall\u2019antichit\u00e0 all\u2019et\u00e0 contemporanea.<\/li>\n<\/ul>\n\n\n\n<p>1 Corso con sede amministrativa nell\u2019Universit\u00e0 del Salento<\/p>\n\n\n\n<ul class=\"wp-block-list\">\n<li>Matematica e informatica.<\/li>\n<\/ul>\n\n\n\n<p>L\u2019Ateneo \u00e8 sede associata per altri 10 Dottorati di Ricerca, di cui 7 di rilevanza nazionale.<\/p>\n\n\n\n<p>L\u2019Universit\u00e0 provvede alla <strong>formazione iniziale degli insegnanti<\/strong> con <strong>Percorsi di Formazione e Abilitazione 60\/30 CFU<\/strong> e <strong>Percorsi di Specializzazione al Sostegno<\/strong> ed \u00e8 ente accreditato per lo svolgimento del <strong>Servizio Civile Universale<\/strong>.<\/p>\n\n\n\n<p><strong>SOSTENIBILIT\u00c0 ECONOMICA e INCLUSIONE SOCIALE<\/strong><\/p>\n\n\n\n<p>Con una media di&nbsp;<strong>meno di 900 euro<\/strong>, l\u2019Universit\u00e0 degli Studi della Basilicata \u00e8 tra quelle a <strong>minor contribuzione<\/strong>.L\u2019Azienda Regionale per il Diritto alla Studio Universitario (ARDSU) eroga il&nbsp;<strong>100%<\/strong>&nbsp;delle <strong>borse di studio<\/strong> agli aventi diritto, assegnando l\u2019importo massimo indicato dai riferimenti normativi. Sono previsti, inoltre, <strong>sussidi aggiuntivi e numerose agevolazioni<\/strong>, ad esempio, per gli iscritti affetti da disabilit\u00e0, o atleti di alto livello (<em>status<\/em> di studente-atleta), o appartenenti allo stesso nucleo famigliare (fratelli\/sorelle).<br><strong>L\u2019Ateneo<\/strong>, infine,pu\u00f2 vantare<strong> il soddisfacimento pieno <\/strong>delle richieste di<strong> borse Erasmus <\/strong>per la mobilit\u00e0 internazionale.<\/p>\n\n\n\n<p><strong>SERVIZI<\/strong><\/p>\n\n\n\n<p>Il <strong>Centro Universitario Sportivo<\/strong> (CUS) offre la possibilit\u00e0 di praticare svariate discipline a tariffe estremamente convenienti, in un ambiente nuovo, ben attrezzato e vicinissimo al campus universitario.<br>La<strong> mensa<\/strong> garantisce agli studenti pasti completi di ottima qualit\u00e0, al costo di 2,00 euro.<br>Quanto agli<strong> alloggi<\/strong>,due sono le strutture destinate a&nbsp;<em>housing <\/em>universitario, il cui accesso \u00e8 riservato non soltanto agli studenti meritevoli ma anche a coloro che \u2013 collocatisi utilmente in graduatoria \u2013 dovessero farne domanda.<\/p>\n\n\n\n<p>Per <strong>immatricolarsi<\/strong>: <a href=\"https:\/\/portale.unibas.it\/site\/home\/studenti\/immatricolazioni-e-iscrizioni.html\">https:\/\/portale.unibas.it\/site\/home\/studenti\/immatricolazioni-e-iscrizioni.html<\/a><\/p>\n\n\n\n<p>Tutte le altre informazioni possono essere reperite ai seguenti link:<\/p>\n\n\n\n<p><a href=\"https:\/\/portale.unibas.it\/site\/home.html\">https:\/\/portale.unibas.it\/site\/home.html<\/a><\/p>\n\n\n\n<p><a href=\"https:\/\/portale.unibas.it\/site\/home\/didattica\/offerta-formativa-202425.html\">https:\/\/portale.unibas.it\/site\/home\/didattica\/offerta-formativa-202425.html<\/a><\/p>\n\n\n\n<p><a href=\"https:\/\/portale.unibas.it\/site\/home\/studenti\/immatricolazioni-e-iscrizioni\/articolo34.html\">https:\/\/portale.unibas.it\/site\/home\/studenti\/immatricolazioni-e-iscrizioni\/articolo34.html<\/a><\/p>\n\n\n\n<p><a href=\"https:\/\/portale.unibas.it\/site\/home\/didattica\/dottorati-di-ricerca.html\">https:\/\/portale.unibas.it\/site\/home\/didattica\/dottorati-di-ricerca.html<\/a><\/p>\n\n\n\n<p><a href=\"https:\/\/portale.unibas.it\/site\/home\/didattica\/master.html\">https:\/\/portale.unibas.it\/site\/home\/didattica\/master.html<\/a><\/p>\n\n\n\n<p><a href=\"https:\/\/portale.unibas.it\/site\/home\/didattica\/scuola-di-specializzazione-in-beni-archeologici.html\">https:\/\/portale.unibas.it\/site\/home\/didattica\/scuola-di-specializzazione-in-beni-archeologici.html<\/a><\/p>\n\n\n\n<p><a href=\"https:\/\/portale.unibas.it\/site\/home\/didattica\/formazione-degli-insegnanti.html\">https:\/\/portale.unibas.it\/site\/home\/didattica\/formazione-degli-insegnanti.html<\/a><\/p>\n\n\n\n<p><a href=\"https:\/\/serviziocivileuniversale.unibas.it\/site\/home.html\">https:\/\/serviziocivileuniversale.unibas.it\/site\/home.html<\/a><\/p>\n\n\n\n<p><a href=\"https:\/\/portale.unibas.it\/site\/home\/studenti\/regolamento-contribuzione-studentesca.html\">https:\/\/portale.unibas.it\/site\/home\/studenti\/regolamento-contribuzione-studentesca.html<\/a><\/p>\n\n\n\n<p><a href=\"https:\/\/cusbasilicata.unibas.it\">https:\/\/cusbasilicata.unibas.it<\/a><\/p>\n\n\n\n<p><a href=\"https:\/\/www.ardsubasilicata.it\/main\/page\/1\/639\/1\/2021\/Mensa_universitaria\">https:\/\/www.ardsubasilicata.it\/main\/page\/1\/639\/1\/2021\/Mensa_universitaria<\/a><\/p>\n\n\n\n<p><\/p>\n","protected":false},"excerpt":{"rendered":"<p>L\u2019Universit\u00e0 degli Studi della Basilicata ha iniziato la propria attivit\u00e0 nel 1982, nel polo del Rione Francioso, a Potenza e dieci anni dopo, nel 1992, &#8230; <\/p>\n","protected":false},"author":5,"featured_media":0,"parent":0,"menu_order":0,"comment_status":"closed","ping_status":"closed","template":"","meta":{"footnotes":""},"class_list":["post-61251","page","type-page","status-publish","hentry"],"_links":{"self":[{"href":"https:\/\/archivio.comune.potenza.it\/index.php?rest_route=\/wp\/v2\/pages\/61251"}],"collection":[{"href":"https:\/\/archivio.comune.potenza.it\/index.php?rest_route=\/wp\/v2\/pages"}],"about":[{"href":"https:\/\/archivio.comune.potenza.it\/index.php?rest_route=\/wp\/v2\/types\/page"}],"author":[{"embeddable":true,"href":"https:\/\/archivio.comune.potenza.it\/index.php?rest_route=\/wp\/v2\/users\/5"}],"replies":[{"embeddable":true,"href":"https:\/\/archivio.comune.potenza.it\/index.php?rest_route=%2Fwp%2Fv2%2Fcomments&post=61251"}],"version-history":[{"count":0,"href":"https:\/\/archivio.comune.potenza.it\/index.php?rest_route=\/wp\/v2\/pages\/61251\/revisions"}],"wp:attachment":[{"href":"https:\/\/archivio.comune.potenza.it\/index.php?rest_route=%2Fwp%2Fv2%2Fmedia&parent=61251"}],"curies":[{"name":"wp","href":"https:\/\/api.w.org\/{rel}","templated":true}]}}