{"id":63951,"date":"2025-03-11T17:37:40","date_gmt":"2025-03-11T16:37:40","guid":{"rendered":"https:\/\/archivio.comune.potenza.it\/?page_id=63951"},"modified":"2025-05-20T11:06:15","modified_gmt":"2025-05-20T09:06:15","slug":"il-cinque-per-mille-al-comune-di-potenza","status":"publish","type":"page","link":"https:\/\/archivio.comune.potenza.it\/?page_id=63951","title":{"rendered":"Il cinque per mille al Comune di Potenza"},"content":{"rendered":"\n<p>Dona il tuo cinque per mille alle politiche sociali del Comune di Potenza, adesso puoi, con la tua dichiarazione dei redditi 2025, relativa ai redditi percepiti nel 2024.<\/p>\n\n\n\n<p>I fondi raccolti saranno utilizzati per l&#8217;implementazione dei progetti in essere nel campo delle politiche sociali, quali il sostegno alla disabilit\u00e0 e agli anziani, con particolare focus sul contrasto alla povert\u00e0, attraverso interventi specifici di fornitura di servizi o beni.<\/p>\n\n\n\n<p>Farlo \u00e8 gratuito. Basta indicare nel modello della dichiarazione dei redditi la tua scelta con la tua firma nell&#8217;apposito riquadro. <strong>Il Codice Fiscale per destinare il 5 per mille al Comune di Potenza \u00e8 00127040764.<\/strong><\/p>\n\n\n\n<p>Il tuo aiuto \u00e8 fondamentale per migliorare sempre pi\u00f9 la qualit\u00e0 dei servizi offerti. Grazie. <\/p>\n","protected":false},"excerpt":{"rendered":"<p>Dona il tuo cinque per mille alle politiche sociali del Comune di Potenza, adesso puoi, con la tua dichiarazione dei redditi 2025, relativa ai redditi &#8230; <\/p>\n","protected":false},"author":5,"featured_media":63952,"parent":0,"menu_order":0,"comment_status":"closed","ping_status":"closed","template":"","meta":{"footnotes":""},"class_list":["post-63951","page","type-page","status-publish","has-post-thumbnail","hentry"],"_links":{"self":[{"href":"https:\/\/archivio.comune.potenza.it\/index.php?rest_route=\/wp\/v2\/pages\/63951"}],"collection":[{"href":"https:\/\/archivio.comune.potenza.it\/index.php?rest_route=\/wp\/v2\/pages"}],"about":[{"href":"https:\/\/archivio.comune.potenza.it\/index.php?rest_route=\/wp\/v2\/types\/page"}],"author":[{"embeddable":true,"href":"https:\/\/archivio.comune.potenza.it\/index.php?rest_route=\/wp\/v2\/users\/5"}],"replies":[{"embeddable":true,"href":"https:\/\/archivio.comune.potenza.it\/index.php?rest_route=%2Fwp%2Fv2%2Fcomments&post=63951"}],"version-history":[{"count":0,"href":"https:\/\/archivio.comune.potenza.it\/index.php?rest_route=\/wp\/v2\/pages\/63951\/revisions"}],"wp:featuredmedia":[{"embeddable":true,"href":"https:\/\/archivio.comune.potenza.it\/index.php?rest_route=\/wp\/v2\/media\/63952"}],"wp:attachment":[{"href":"https:\/\/archivio.comune.potenza.it\/index.php?rest_route=%2Fwp%2Fv2%2Fmedia&parent=63951"}],"curies":[{"name":"wp","href":"https:\/\/api.w.org\/{rel}","templated":true}]}}